{"id":14,"date":"2025-10-16T17:09:43","date_gmt":"2025-10-16T17:09:43","guid":{"rendered":"https:\/\/tropicoldsas.com\/?page_id=14"},"modified":"2025-10-21T19:16:54","modified_gmt":"2025-10-21T19:16:54","slug":"inicio","status":"publish","type":"page","link":"https:\/\/tropicoldsas.com\/en\/","title":{"rendered":"Home"},"content":{"rendered":"<div data-elementor-type=\"wp-page\" data-elementor-id=\"14\" class=\"elementor elementor-14\">\n\t\t\t\t<div class=\"elementor-element elementor-element-de63805 container e-flex e-con-boxed e-con e-parent\" data-id=\"de63805\" data-element_type=\"container\">\n\t\t\t\t\t<div class=\"e-con-inner\">\n\t\t<div class=\"elementor-element elementor-element-ff8fa9a container parallax-section e-con-full e-flex e-con e-child\" data-id=\"ff8fa9a\" data-element_type=\"container\" data-settings=\"{&quot;background_background&quot;:&quot;classic&quot;,&quot;animation&quot;:&quot;none&quot;}\">\n\t\t<div class=\"elementor-element elementor-element-39d568e e-flex e-con-boxed elementor-invisible e-con e-child\" data-id=\"39d568e\" data-element_type=\"container\" data-settings=\"{&quot;background_background&quot;:&quot;classic&quot;,&quot;animation&quot;:&quot;fadeIn&quot;}\">\n\t\t\t\t\t<div class=\"e-con-inner\">\n\t\t\t\t\t<\/div>\n\t\t\t\t<\/div>\n\t\t<div class=\"elementor-element elementor-element-376f334 e-con-full banner-texts e-flex e-con e-child\" data-id=\"376f334\" data-element_type=\"container\" data-settings=\"{&quot;position&quot;:&quot;absolute&quot;,&quot;animation&quot;:&quot;none&quot;}\">\n\t\t\t\t<div class=\"elementor-element elementor-element-16609c6 elementor-widget elementor-widget-text-editor\" data-id=\"16609c6\" data-element_type=\"widget\" data-settings=\"{&quot;_animation&quot;:&quot;none&quot;}\" data-widget_type=\"text-editor.default\">\n\t\t\t\t\t\t\t\t\tA leading and innovative \ncompany in the field of <span>freeze-drying.<\/span>\t\t\t\t\t\t\t\t<\/div>\n\t\t\t\t<div class=\"elementor-element elementor-element-d223bd3 elementor-widget elementor-widget-text-editor\" data-id=\"d223bd3\" data-element_type=\"widget\" data-settings=\"{&quot;_animation&quot;:&quot;none&quot;}\" data-widget_type=\"text-editor.default\">\n\t\t\t\t\t\t\t\t\t<p>We specialize in freeze-drying products and providing customized solutions for your brand. Get in touch with us \nfor personalized service.<\/p>\t\t\t\t\t\t\t\t<\/div>\n\t\t\t\t<\/div>\n\t\t\t\t<\/div>\n\t\t<div class=\"elementor-element elementor-element-09da753 container e-con-full e-flex e-con e-child\" data-id=\"09da753\" data-element_type=\"container\" data-settings=\"{&quot;animation&quot;:&quot;none&quot;}\">\n\t\t\t\t<div class=\"elementor-element elementor-element-e3e9b01 elementor-widget elementor-widget-heading\" data-id=\"e3e9b01\" data-element_type=\"widget\" data-widget_type=\"heading.default\">\n\t\t\t\t\t<h2 class=\"elementor-heading-title elementor-size-default\">What&nbsp;<b>we do<\/b><\/h2>\t\t\t\t<\/div>\n\t\t<div class=\"elementor-element elementor-element-271aa70 e-con-full e-grid e-con e-child\" data-id=\"271aa70\" data-element_type=\"container\">\n\t\t<div class=\"elementor-element elementor-element-5568909 e-con-full card-left animated-slow e-flex e-con e-child\" data-id=\"5568909\" data-element_type=\"container\" data-settings=\"{&quot;background_background&quot;:&quot;classic&quot;,&quot;animation&quot;:&quot;none&quot;,&quot;animation_delay&quot;:200}\">\n\t\t\t\t<div class=\"elementor-element elementor-element-fe118ab elementor-widget elementor-widget-heading\" data-id=\"fe118ab\" data-element_type=\"widget\" data-widget_type=\"heading.default\">\n\t\t\t\t\t<h5 class=\"elementor-heading-title elementor-size-default\">Freeze-Dried Products<\/h5>\t\t\t\t<\/div>\n\t\t\t\t<div class=\"elementor-element elementor-element-27f5b80 elementor-widget elementor-widget-image\" data-id=\"27f5b80\" data-element_type=\"widget\" data-widget_type=\"image.default\">\n\t\t\t\t\t\t\t\t\t\t\t\t\t\t\t<img fetchpriority=\"high\" decoding=\"async\" width=\"800\" height=\"534\" src=\"https:\/\/tropicoldsas.com\/wp-content\/uploads\/2025\/10\/what-1-1024x683.png\" class=\"attachment-large size-large wp-image-348\" alt=\"\" srcset=\"https:\/\/tropicoldsas.com\/wp-content\/uploads\/2025\/10\/what-1-1024x683.png 1024w, https:\/\/tropicoldsas.com\/wp-content\/uploads\/2025\/10\/what-1-300x200.png 300w, https:\/\/tropicoldsas.com\/wp-content\/uploads\/2025\/10\/what-1-768x512.png 768w, https:\/\/tropicoldsas.com\/wp-content\/uploads\/2025\/10\/what-1-18x12.png 18w, https:\/\/tropicoldsas.com\/wp-content\/uploads\/2025\/10\/what-1.png 1536w\" sizes=\"(max-width: 800px) 100vw, 800px\" \/>\t\t\t\t\t\t\t\t\t\t\t\t\t\t\t<\/div>\n\t\t\t\t<div class=\"elementor-element elementor-element-d28e9d9 elementor-widget elementor-widget-text-editor\" data-id=\"d28e9d9\" data-element_type=\"widget\" data-widget_type=\"text-editor.default\">\n\t\t\t\t\t\t\t\t\t<p>Freeze-drying is a preservation process that removes water from frozen products through sublimation. The result is a light, nutritious food that stays fresh for a long time\u2014without the need for refrigeration.<\/p>\t\t\t\t\t\t\t\t<\/div>\n\t\t\t\t<\/div>\n\t\t<div class=\"elementor-element elementor-element-2462b27 e-con-full card-left e-flex e-con e-child\" data-id=\"2462b27\" data-element_type=\"container\" data-settings=\"{&quot;background_background&quot;:&quot;classic&quot;,&quot;animation&quot;:&quot;none&quot;,&quot;animation_delay&quot;:400}\">\n\t\t\t\t<div class=\"elementor-element elementor-element-50a4086 elementor-widget elementor-widget-heading\" data-id=\"50a4086\" data-element_type=\"widget\" data-widget_type=\"heading.default\">\n\t\t\t\t\t<h5 class=\"elementor-heading-title elementor-size-default\">Custom Production Service<\/h5>\t\t\t\t<\/div>\n\t\t\t\t<div class=\"elementor-element elementor-element-cd29397 elementor-widget elementor-widget-image\" data-id=\"cd29397\" data-element_type=\"widget\" data-widget_type=\"image.default\">\n\t\t\t\t\t\t\t\t\t\t\t\t\t\t\t<img decoding=\"async\" width=\"800\" height=\"800\" src=\"https:\/\/tropicoldsas.com\/wp-content\/uploads\/2025\/10\/what-2.jpg\" class=\"attachment-large size-large wp-image-373\" alt=\"\" srcset=\"https:\/\/tropicoldsas.com\/wp-content\/uploads\/2025\/10\/what-2.jpg 800w, https:\/\/tropicoldsas.com\/wp-content\/uploads\/2025\/10\/what-2-300x300.jpg 300w, https:\/\/tropicoldsas.com\/wp-content\/uploads\/2025\/10\/what-2-150x150.jpg 150w, https:\/\/tropicoldsas.com\/wp-content\/uploads\/2025\/10\/what-2-768x768.jpg 768w, https:\/\/tropicoldsas.com\/wp-content\/uploads\/2025\/10\/what-2-12x12.jpg 12w\" sizes=\"(max-width: 800px) 100vw, 800px\" \/>\t\t\t\t\t\t\t\t\t\t\t\t\t\t\t<\/div>\n\t\t\t\t<div class=\"elementor-element elementor-element-b445b65 elementor-widget elementor-widget-text-editor\" data-id=\"b445b65\" data-element_type=\"widget\" data-widget_type=\"text-editor.default\">\n\t\t\t\t\t\t\t\t\t<p>We provide custom freeze-drying services designed around your brand\u2019s needs \u2014 delivering high-quality and efficient results every time.<\/p>\t\t\t\t\t\t\t\t<\/div>\n\t\t\t\t<\/div>\n\t\t<div class=\"elementor-element elementor-element-62a37d7 e-con-full card-left e-flex e-con e-child\" data-id=\"62a37d7\" data-element_type=\"container\" data-settings=\"{&quot;background_background&quot;:&quot;classic&quot;}\">\n\t\t\t\t<div class=\"elementor-element elementor-element-270a1c3 elementor-widget elementor-widget-heading\" data-id=\"270a1c3\" data-element_type=\"widget\" data-widget_type=\"heading.default\">\n\t\t\t\t\t<h5 class=\"elementor-heading-title elementor-size-default\">Retail Solutions<\/h5>\t\t\t\t<\/div>\n\t\t\t\t<div class=\"elementor-element elementor-element-0b37569 elementor-widget elementor-widget-image\" data-id=\"0b37569\" data-element_type=\"widget\" data-widget_type=\"image.default\">\n\t\t\t\t\t\t\t\t\t\t\t\t\t\t\t<img decoding=\"async\" width=\"1024\" height=\"1536\" src=\"https:\/\/tropicoldsas.com\/wp-content\/uploads\/2025\/10\/what-3.jpg\" class=\"attachment-full size-full wp-image-380\" alt=\"\" srcset=\"https:\/\/tropicoldsas.com\/wp-content\/uploads\/2025\/10\/what-3.jpg 1024w, https:\/\/tropicoldsas.com\/wp-content\/uploads\/2025\/10\/what-3-200x300.jpg 200w, https:\/\/tropicoldsas.com\/wp-content\/uploads\/2025\/10\/what-3-683x1024.jpg 683w, https:\/\/tropicoldsas.com\/wp-content\/uploads\/2025\/10\/what-3-768x1152.jpg 768w, https:\/\/tropicoldsas.com\/wp-content\/uploads\/2025\/10\/what-3-8x12.jpg 8w\" sizes=\"(max-width: 1024px) 100vw, 1024px\" \/>\t\t\t\t\t\t\t\t\t\t\t\t\t\t\t<\/div>\n\t\t\t\t<div class=\"elementor-element elementor-element-1a1f7a6 elementor-widget elementor-widget-text-editor\" data-id=\"1a1f7a6\" data-element_type=\"widget\" data-widget_type=\"text-editor.default\">\n\t\t\t\t\t\t\t\t\t<p>We provide design services for freeze-dried product brands, crafting customized solutions that align with your goals \u2014 from packaging and branding to private label products.<\/p>\t\t\t\t\t\t\t\t<\/div>\n\t\t\t\t<\/div>\n\t\t\t\t<\/div>\n\t\t\t\t<\/div>\n\t\t<div class=\"elementor-element elementor-element-5c2a809 container e-con-full e-flex e-con e-child\" data-id=\"5c2a809\" data-element_type=\"container\">\n\t\t<div class=\"elementor-element elementor-element-6fbd090 banner-gradient-white e-flex e-con-boxed e-con e-child\" data-id=\"6fbd090\" data-element_type=\"container\" data-settings=\"{&quot;background_background&quot;:&quot;classic&quot;}\">\n\t\t\t\t\t<div class=\"e-con-inner\">\n\t\t\t\t\t<\/div>\n\t\t\t\t<\/div>\n\t\t<div class=\"elementor-element elementor-element-16be972 e-con-full banner-texts e-flex e-con e-child\" data-id=\"16be972\" data-element_type=\"container\" data-settings=\"{&quot;position&quot;:&quot;absolute&quot;}\">\n\t\t\t\t<div class=\"elementor-element elementor-element-bd356ba elementor-widget elementor-widget-text-editor\" data-id=\"bd356ba\" data-element_type=\"widget\" data-widget_type=\"text-editor.default\">\n\t\t\t\t\t\t\t\t\t<p class=\"translation-block\"><strong>At Tropicold<\/strong> quality drives everything we do \u2014 from premium ingredients to a safe, efficient freeze-drying process.<\/p><p>\u00a0<\/p><p class=\"translation-block\"><strong>Quality &amp; Trust:<\/strong> Top-tier materials, full process control.<\/p><p>\u00a0<\/p><p class=\"translation-block\"><strong>Certified Safety:<\/strong> Superior standards and proven results.<\/p>\t\t\t\t\t\t\t\t<\/div>\n\t\t\t\t<\/div>\n\t\t\t\t<\/div>\n\t\t<div class=\"elementor-element elementor-element-0d22c30 container e-con-full e-flex e-con e-child\" data-id=\"0d22c30\" data-element_type=\"container\">\n\t\t<div class=\"elementor-element elementor-element-cc1faff e-grid e-con-boxed e-con e-child\" data-id=\"cc1faff\" data-element_type=\"container\">\n\t\t\t\t\t<div class=\"e-con-inner\">\n\t\t<div class=\"elementor-element elementor-element-eccaf28 e-con-full card-flip e-flex e-con e-child\" data-id=\"eccaf28\" data-element_type=\"container\" data-settings=\"{&quot;background_background&quot;:&quot;classic&quot;}\">\n\t\t\t\t<div class=\"elementor-element elementor-element-c88c7d2 button-shared elementor-widget elementor-widget-eael-creative-button\" data-id=\"c88c7d2\" data-element_type=\"widget\" data-widget_type=\"eael-creative-button.default\">\n\t\t\t\t\t        <div class=\"eael-creative-button-wrapper\">\n\n            <a class=\"eael-creative-button eael-creative-button--default\" href=\"#\" data-text=\"\">\n            \t    \n                <div class=\"creative-button-inner\">\n\n                                            <span class=\"eael-creative-button-icon-left\"><svg aria-hidden=\"true\" class=\"e-font-icon-svg e-far-heart\" viewbox=\"0 0 512 512\" xmlns=\"http:\/\/www.w3.org\/2000\/svg\"><path d=\"M458.4 64.3C400.6 15.7 311.3 23 256 79.3 200.7 23 111.4 15.6 53.6 64.3-21.6 127.6-10.6 230.8 43 285.5l175.4 178.7c10 10.2 23.4 15.9 37.6 15.9 14.3 0 27.6-5.6 37.6-15.8L469 285.6c53.5-54.7 64.7-157.9-10.6-221.3zm-23.6 187.5L259.4 430.5c-2.4 2.4-4.4 2.4-6.8 0L77.2 251.8c-36.5-37.2-43.9-107.6 7.3-150.7 38.9-32.7 98.9-27.8 136.5 10.5l35 35.7 35-35.7c37.8-38.5 97.8-43.2 136.5-10.6 51.1 43.1 43.5 113.9 7.3 150.8z\"><\/path><\/svg><\/span>                    \n                    <span class=\"cretive-button-text\"><\/span>\n\n                                    <\/div>\n\t                        <\/a>\n        <\/div>\n        \t\t\t\t<\/div>\n\t\t\t\t<div class=\"elementor-element elementor-element-be04e93 elementor-widget elementor-widget-heading\" data-id=\"be04e93\" data-element_type=\"widget\" data-widget_type=\"heading.default\">\n\t\t\t\t\t<h5 class=\"elementor-heading-title elementor-size-default\">Your Partner for the Future of Food<\/h5>\t\t\t\t<\/div>\n\t\t\t\t<\/div>\n\t\t<div class=\"elementor-element elementor-element-eb1b9d6 e-con-full card-flip e-flex e-con e-child\" data-id=\"eb1b9d6\" data-element_type=\"container\" data-settings=\"{&quot;background_background&quot;:&quot;classic&quot;}\">\n\t\t<div class=\"elementor-element elementor-element-ab09894 e-con-full e-flex e-con e-child\" data-id=\"ab09894\" data-element_type=\"container\" data-settings=\"{&quot;background_background&quot;:&quot;classic&quot;}\">\n\t\t\t\t<div class=\"elementor-element elementor-element-357a379 elementor-widget elementor-widget-image\" data-id=\"357a379\" data-element_type=\"widget\" data-widget_type=\"image.default\">\n\t\t\t\t\t\t\t\t\t\t\t\t\t\t\t<img loading=\"lazy\" decoding=\"async\" width=\"168\" height=\"168\" src=\"https:\/\/tropicoldsas.com\/wp-content\/uploads\/2025\/10\/home-icon-1.png\" class=\"attachment-full size-full wp-image-473\" alt=\"\" srcset=\"https:\/\/tropicoldsas.com\/wp-content\/uploads\/2025\/10\/home-icon-1.png 168w, https:\/\/tropicoldsas.com\/wp-content\/uploads\/2025\/10\/home-icon-1-150x150.png 150w, https:\/\/tropicoldsas.com\/wp-content\/uploads\/2025\/10\/home-icon-1-12x12.png 12w, https:\/\/tropicoldsas.com\/wp-content\/uploads\/2025\/10\/elementor\/thumbs\/home-icon-1-rddbq90hp6asrv06mbm060rvkgxyhsh892xwzvd3xs.png 56w\" sizes=\"(max-width: 168px) 100vw, 168px\" \/>\t\t\t\t\t\t\t\t\t\t\t\t\t\t\t<\/div>\n\t\t\t\t<div class=\"elementor-element elementor-element-47e4b9b elementor-widget elementor-widget-text-editor\" data-id=\"47e4b9b\" data-element_type=\"widget\" data-widget_type=\"text-editor.default\">\n\t\t\t\t\t\t\t\t\t<p>Explore Our Freeze-Drying Lab<\/p>\t\t\t\t\t\t\t\t<\/div>\n\t\t\t\t<\/div>\n\t\t<div class=\"elementor-element elementor-element-089d2bd e-con-full e-flex e-con e-child\" data-id=\"089d2bd\" data-element_type=\"container\" data-settings=\"{&quot;background_background&quot;:&quot;classic&quot;}\">\n\t\t\t\t<div class=\"elementor-element elementor-element-ad0e0a2 elementor-widget elementor-widget-image\" data-id=\"ad0e0a2\" data-element_type=\"widget\" data-widget_type=\"image.default\">\n\t\t\t\t\t\t\t\t\t\t\t\t\t\t\t<img loading=\"lazy\" decoding=\"async\" width=\"168\" height=\"168\" src=\"https:\/\/tropicoldsas.com\/wp-content\/uploads\/2025\/10\/home-icon-2.png\" class=\"attachment-full size-full wp-image-483\" alt=\"\" srcset=\"https:\/\/tropicoldsas.com\/wp-content\/uploads\/2025\/10\/home-icon-2.png 168w, https:\/\/tropicoldsas.com\/wp-content\/uploads\/2025\/10\/home-icon-2-150x150.png 150w, https:\/\/tropicoldsas.com\/wp-content\/uploads\/2025\/10\/home-icon-2-12x12.png 12w\" sizes=\"(max-width: 168px) 100vw, 168px\" \/>\t\t\t\t\t\t\t\t\t\t\t\t\t\t\t<\/div>\n\t\t\t\t<div class=\"elementor-element elementor-element-5bae27f elementor-widget elementor-widget-text-editor\" data-id=\"5bae27f\" data-element_type=\"widget\" data-widget_type=\"text-editor.default\">\n\t\t\t\t\t\t\t\t\t<p>360\u00b0 Expert Guidance<\/p>\t\t\t\t\t\t\t\t<\/div>\n\t\t\t\t<\/div>\n\t\t<div class=\"elementor-element elementor-element-0f90a57 e-con-full e-flex e-con e-child\" data-id=\"0f90a57\" data-element_type=\"container\" data-settings=\"{&quot;background_background&quot;:&quot;classic&quot;}\">\n\t\t\t\t<div class=\"elementor-element elementor-element-4b93c08 elementor-widget elementor-widget-image\" data-id=\"4b93c08\" data-element_type=\"widget\" data-widget_type=\"image.default\">\n\t\t\t\t\t\t\t\t\t\t\t\t\t\t\t<img loading=\"lazy\" decoding=\"async\" width=\"168\" height=\"168\" src=\"https:\/\/tropicoldsas.com\/wp-content\/uploads\/2025\/10\/home-icon-3.png\" class=\"attachment-full size-full wp-image-493\" alt=\"\" srcset=\"https:\/\/tropicoldsas.com\/wp-content\/uploads\/2025\/10\/home-icon-3.png 168w, https:\/\/tropicoldsas.com\/wp-content\/uploads\/2025\/10\/home-icon-3-150x150.png 150w, https:\/\/tropicoldsas.com\/wp-content\/uploads\/2025\/10\/home-icon-3-12x12.png 12w\" sizes=\"(max-width: 168px) 100vw, 168px\" \/>\t\t\t\t\t\t\t\t\t\t\t\t\t\t\t<\/div>\n\t\t\t\t<div class=\"elementor-element elementor-element-e5cf4b4 elementor-widget elementor-widget-text-editor\" data-id=\"e5cf4b4\" data-element_type=\"widget\" data-widget_type=\"text-editor.default\">\n\t\t\t\t\t\t\t\t\t<p>Certified Quality, Guaranteed Results<\/p>\t\t\t\t\t\t\t\t<\/div>\n\t\t\t\t<\/div>\n\t\t\t\t<\/div>\n\t\t<div class=\"elementor-element elementor-element-e08c1af e-con-full gradient-yellow-meddle card-flip e-flex e-con e-child\" data-id=\"e08c1af\" data-element_type=\"container\" data-settings=\"{&quot;background_background&quot;:&quot;classic&quot;}\">\n\t\t\t\t<div class=\"elementor-element elementor-element-999f864 elementor-widget elementor-widget-heading\" data-id=\"999f864\" data-element_type=\"widget\" data-widget_type=\"heading.default\">\n\t\t\t\t\t<h3 class=\"elementor-heading-title elementor-size-default\">Bring Your Ideas to Life with Freeze-Drying Experts<\/h3>\t\t\t\t<\/div>\n\t\t\t\t<\/div>\n\t\t\t\t\t<\/div>\n\t\t\t\t<\/div>\n\t\t\t\t<\/div>\n\t\t<div class=\"elementor-element elementor-element-6b73842 container e-con-full e-flex e-con e-child\" data-id=\"6b73842\" data-element_type=\"container\">\n\t\t<div class=\"elementor-element elementor-element-c574acd e-con-full e-flex elementor-invisible e-con e-child\" data-id=\"c574acd\" data-element_type=\"container\" data-settings=\"{&quot;background_background&quot;:&quot;classic&quot;,&quot;animation&quot;:&quot;fadeIn&quot;}\">\n\t\t\t\t<\/div>\n\t\t<div class=\"elementor-element elementor-element-28104ac e-con-full banner-texts e-flex e-con e-child\" data-id=\"28104ac\" data-element_type=\"container\" data-settings=\"{&quot;position&quot;:&quot;absolute&quot;}\">\n\t\t\t\t<div class=\"elementor-element elementor-element-dbb560a elementor-widget elementor-widget-heading\" data-id=\"dbb560a\" data-element_type=\"widget\" data-widget_type=\"heading.default\">\n\t\t\t\t\t<h3 class=\"elementor-heading-title elementor-size-default translation-block\">Leading the Way in Food <b> Freeze-Drying Innovation.<\/b><\/h3>\t\t\t\t<\/div>\n\t\t\t\t<\/div>\n\t\t\t\t<\/div>\n\t\t<div class=\"elementor-element elementor-element-ab6a7c9 container e-con-full e-flex e-con e-child\" data-id=\"ab6a7c9\" data-element_type=\"container\">\n\t\t\t\t<div class=\"elementor-element elementor-element-1aa1787 elementor-widget elementor-widget-image\" data-id=\"1aa1787\" data-element_type=\"widget\" data-widget_type=\"image.default\">\n\t\t\t\t\t\t\t\t\t\t\t\t\t\t\t<img loading=\"lazy\" decoding=\"async\" width=\"210\" height=\"112\" src=\"https:\/\/tropicoldsas.com\/wp-content\/uploads\/2025\/10\/invima-brand-1.png\" class=\"attachment-large size-large wp-image-632\" alt=\"\" srcset=\"https:\/\/tropicoldsas.com\/wp-content\/uploads\/2025\/10\/invima-brand-1.png 210w, https:\/\/tropicoldsas.com\/wp-content\/uploads\/2025\/10\/invima-brand-1-18x10.png 18w\" sizes=\"(max-width: 210px) 100vw, 210px\" \/>\t\t\t\t\t\t\t\t\t\t\t\t\t\t\t<\/div>\n\t\t\t\t<\/div>\n\t\t<div class=\"elementor-element elementor-element-f2e664f e-con-full section-form e-flex e-con e-child\" data-id=\"f2e664f\" data-element_type=\"container\">\n\t\t\t\t<div class=\"elementor-element elementor-element-1eeabe3 elementor-widget elementor-widget-heading\" data-id=\"1eeabe3\" data-element_type=\"widget\" data-widget_type=\"heading.default\">\n\t\t\t\t\t<h2 class=\"elementor-heading-title elementor-size-default\">Get in Touch<\/h2>\t\t\t\t<\/div>\n\t\t<div class=\"elementor-element elementor-element-02b54f3 e-con-full e-flex e-con e-child\" data-id=\"02b54f3\" data-element_type=\"container\">\n\t\t\t\t<div class=\"elementor-element elementor-element-b89a25a elementor-widget elementor-widget-shortcode\" data-id=\"b89a25a\" data-element_type=\"widget\" data-widget_type=\"shortcode.default\">\n\t\t\t\t\t\t\t<div class=\"elementor-shortcode\"><div class=\"forminator-ui forminator-custom-form forminator-custom-form-639 forminator-design--default  forminator_ajax\" data-forminator-render=\"0\" data-form=\"forminator-module-639\" data-uid=\"69de1db015df3\"><br\/><\/div><form\n\t\t\t\tid=\"forminator-module-639\"\n\t\t\t\tclass=\"forminator-ui forminator-custom-form forminator-custom-form-639 forminator-design--default  forminator_ajax\"\n\t\t\t\tmethod=\"post\"\n\t\t\t\tdata-forminator-render=\"0\"\n\t\t\t\tdata-form-id=\"639\"\n\t\t\t\t data-color-option=\"theme\" data-design=\"default\" data-grid=\"open\" style=\"display: none;\"\n\t\t\t\tdata-uid=\"69de1db015df3\" action=\"\"\n\t\t\t><div role=\"alert\" aria-live=\"polite\" class=\"forminator-response-message forminator-error\" aria-hidden=\"true\"><\/div><div class=\"forminator-row\"><div id=\"name-1\" class=\"forminator-field-name forminator-col forminator-col-6\"><div class=\"forminator-field\"><label for=\"forminator-field-name-1_69de1db015df3\" id=\"forminator-field-name-1_69de1db015df3-label\" class=\"forminator-label\">Name <span class=\"forminator-required\">*<\/span><\/label><input type=\"text\" name=\"name-1\" value=\"\" placeholder=\"\" id=\"forminator-field-name-1_69de1db015df3\" class=\"forminator-input forminator-name--field\" aria-required=\"true\" autocomplete=\"name\" \/><\/div><\/div><div id=\"name-2\" class=\"forminator-field-name forminator-col forminator-col-6\"><div class=\"forminator-field\"><label for=\"forminator-field-name-2_69de1db015df3\" id=\"forminator-field-name-2_69de1db015df3-label\" class=\"forminator-label\">Surname <span class=\"forminator-required\">*<\/span><\/label><input type=\"text\" name=\"name-2\" value=\"\" placeholder=\"\" id=\"forminator-field-name-2_69de1db015df3\" class=\"forminator-input forminator-name--field\" aria-required=\"true\" autocomplete=\"name\" \/><\/div><\/div><\/div><div class=\"forminator-row\"><div id=\"email-1\" class=\"forminator-field-email forminator-col forminator-col-6\"><div class=\"forminator-field\"><label for=\"forminator-field-email-1_69de1db015df3\" id=\"forminator-field-email-1_69de1db015df3-label\" class=\"forminator-label\">Mail <span class=\"forminator-required\">*<\/span><\/label><input type=\"email\" name=\"email-1\" value=\"\" placeholder=\"\" id=\"forminator-field-email-1_69de1db015df3\" class=\"forminator-input forminator-email--field\" data-required=\"1\" aria-required=\"true\" autocomplete=\"email\" \/><\/div><\/div><div id=\"phone-1\" class=\"forminator-field-phone forminator-col forminator-col-6\"><div class=\"forminator-field\"><label for=\"forminator-field-phone-1_69de1db015df3\" id=\"forminator-field-phone-1_69de1db015df3-label\" class=\"forminator-label\">Phone <span class=\"forminator-required\">*<\/span><\/label><input type=\"text\" name=\"phone-1\" value=\"\" placeholder=\"\" id=\"forminator-field-phone-1_69de1db015df3\" class=\"forminator-input forminator-field--phone\" data-required=\"1\" aria-required=\"true\" autocomplete=\"off\" \/><\/div><\/div><\/div><div class=\"forminator-row\"><div id=\"textarea-1\" class=\"forminator-field-textarea forminator-col forminator-col-12\"><div class=\"forminator-field\"><textarea name=\"textarea-1\" placeholder=\"Write your message\" id=\"forminator-field-textarea-1_69de1db015df3\" class=\"forminator-textarea\" rows=\"6\" style=\"min-height:140px;\" ><\/textarea><\/div><\/div><\/div><input type=\"hidden\" name=\"referer_url\" value=\"\" \/><div class=\"forminator-row forminator-row-last\"><div class=\"forminator-col\"><div class=\"forminator-field\"><button class=\"forminator-button forminator-button-submit forminator-button-form\">Send<\/button><\/div><\/div><\/div><input type=\"hidden\" id=\"forminator_nonce\" name=\"forminator_nonce\" value=\"9c5bcd0930\" \/><input type=\"hidden\" name=\"_wp_http_referer\" value=\"\/en\/wp-json\/wp\/v2\/pages\/14\" \/><input type=\"hidden\" name=\"form_id\" value=\"639\"><input type=\"hidden\" name=\"page_id\" value=\"14\"><input type=\"hidden\" name=\"form_type\" value=\"default\"><input type=\"hidden\" name=\"current_url\" value=\"https:\/\/tropicoldsas.com\/en\/\"><input type=\"hidden\" name=\"render_id\" value=\"0\"><input type=\"hidden\" name=\"action\" value=\"forminator_submit_form_custom-forms\"><input type=\"hidden\" name=\"trp-form-language\" value=\"en\"\/><\/form><\/div>\n\t\t\t\t\t\t<\/div>\n\t\t\t\t<\/div>\n\t\t\t\t<\/div>\n\t\t\t\t\t<\/div>\n\t\t\t\t<\/div>\n\t\t\t\t<\/div>","protected":false},"excerpt":{"rendered":"<p>Empresa l\u00edder y de vanguardia en el \u00e1rea de liofilizaci\u00f3n Somos una compan\u0303i\u0301a dedicada a la liofilizaci\u00f3n de productos y oferta de soluciones para tus requerimientos de marca, cont\u00e1ctanos para ofrecerte una atenci\u00f3n personalizada Qu\u00e9&nbsp;hacemos Liofilizados La liofilizaci\u00f3n es un m\u00e9todo de conservaci\u00f3n que elimina el agua de un producto congelado por sublimaci\u00f3n, logrando un [&hellip;]<\/p>","protected":false},"author":1,"featured_media":0,"parent":0,"menu_order":0,"comment_status":"closed","ping_status":"closed","template":"","meta":{"footnotes":""},"class_list":["post-14","page","type-page","status-publish","hentry"],"_hostinger_reach_plugin_has_subscription_block":false,"_hostinger_reach_plugin_is_elementor":false,"_links":{"self":[{"href":"https:\/\/tropicoldsas.com\/en\/wp-json\/wp\/v2\/pages\/14","targetHints":{"allow":["GET"]}}],"collection":[{"href":"https:\/\/tropicoldsas.com\/en\/wp-json\/wp\/v2\/pages"}],"about":[{"href":"https:\/\/tropicoldsas.com\/en\/wp-json\/wp\/v2\/types\/page"}],"author":[{"embeddable":true,"href":"https:\/\/tropicoldsas.com\/en\/wp-json\/wp\/v2\/users\/1"}],"replies":[{"embeddable":true,"href":"https:\/\/tropicoldsas.com\/en\/wp-json\/wp\/v2\/comments?post=14"}],"version-history":[{"count":604,"href":"https:\/\/tropicoldsas.com\/en\/wp-json\/wp\/v2\/pages\/14\/revisions"}],"predecessor-version":[{"id":1194,"href":"https:\/\/tropicoldsas.com\/en\/wp-json\/wp\/v2\/pages\/14\/revisions\/1194"}],"wp:attachment":[{"href":"https:\/\/tropicoldsas.com\/en\/wp-json\/wp\/v2\/media?parent=14"}],"curies":[{"name":"wp","href":"https:\/\/api.w.org\/{rel}","templated":true}]}}