{"id":183,"date":"2025-10-17T21:15:13","date_gmt":"2025-10-17T21:15:13","guid":{"rendered":"https:\/\/tropicoldsas.com\/?page_id=183"},"modified":"2025-10-22T14:09:28","modified_gmt":"2025-10-22T14:09:28","slug":"contacto","status":"publish","type":"page","link":"https:\/\/tropicoldsas.com\/en\/contacto\/","title":{"rendered":"contact"},"content":{"rendered":"<div data-elementor-type=\"wp-page\" data-elementor-id=\"183\" class=\"elementor elementor-183\">\n\t\t\t\t<div class=\"elementor-element elementor-element-70e4150 container e-flex e-con-boxed e-con e-parent\" data-id=\"70e4150\" data-element_type=\"container\">\n\t\t\t\t\t<div class=\"e-con-inner\">\n\t\t<div class=\"elementor-element elementor-element-98dce3a container e-con-full e-flex e-con e-child\" data-id=\"98dce3a\" data-element_type=\"container\" data-settings=\"{&quot;background_background&quot;:&quot;classic&quot;}\">\n\t\t<div class=\"elementor-element elementor-element-29d4da8 e-con-full e-flex e-con e-child\" data-id=\"29d4da8\" data-element_type=\"container\" data-settings=\"{&quot;background_background&quot;:&quot;classic&quot;}\">\n\t\t\t\t<\/div>\n\t\t<div class=\"elementor-element elementor-element-e3a9657 e-con-full banner-texts e-flex e-con e-child\" data-id=\"e3a9657\" data-element_type=\"container\" data-settings=\"{&quot;position&quot;:&quot;absolute&quot;}\">\n\t\t\t\t<div class=\"elementor-element elementor-element-ebc8bb9 elementor-widget elementor-widget-text-editor\" data-id=\"ebc8bb9\" data-element_type=\"widget\" data-widget_type=\"text-editor.default\">\n\t\t\t\t\t\t\t\t\t<p>Get in Touch<\/p>\t\t\t\t\t\t\t\t<\/div>\n\t\t\t\t<div class=\"elementor-element elementor-element-828b531 elementor-widget elementor-widget-text-editor\" data-id=\"828b531\" data-element_type=\"widget\" data-widget_type=\"text-editor.default\">\n\t\t\t\t\t\t\t\t\t<p>Our team of experts is ready to guide \nyou through all your needs.\u2028<\/p>\t\t\t\t\t\t\t\t<\/div>\n\t\t\t\t<\/div>\n\t\t\t\t<\/div>\n\t\t<div class=\"elementor-element elementor-element-8a3710f e-con-full section-form e-flex e-con e-child\" data-id=\"8a3710f\" data-element_type=\"container\">\n\t\t\t\t<div class=\"elementor-element elementor-element-cf5d3a0 elementor-widget elementor-widget-heading\" data-id=\"cf5d3a0\" data-element_type=\"widget\" data-widget_type=\"heading.default\">\n\t\t\t\t\t<h2 class=\"elementor-heading-title elementor-size-default\">Get in Touch<\/h2>\t\t\t\t<\/div>\n\t\t<div class=\"elementor-element elementor-element-ae42a98 e-con-full e-flex e-con e-child\" data-id=\"ae42a98\" data-element_type=\"container\">\n\t\t\t\t<div class=\"elementor-element elementor-element-2a873e8 elementor-widget elementor-widget-shortcode\" data-id=\"2a873e8\" data-element_type=\"widget\" data-widget_type=\"shortcode.default\">\n\t\t\t\t\t\t\t<div class=\"elementor-shortcode\"><div class=\"forminator-ui forminator-custom-form forminator-custom-form-639 forminator-design--default  forminator_ajax\" data-forminator-render=\"0\" data-form=\"forminator-module-639\" data-uid=\"69de4619bdc03\"><br\/><\/div><form\n\t\t\t\tid=\"forminator-module-639\"\n\t\t\t\tclass=\"forminator-ui forminator-custom-form forminator-custom-form-639 forminator-design--default  forminator_ajax\"\n\t\t\t\tmethod=\"post\"\n\t\t\t\tdata-forminator-render=\"0\"\n\t\t\t\tdata-form-id=\"639\"\n\t\t\t\t data-color-option=\"theme\" data-design=\"default\" data-grid=\"open\" style=\"display: none;\"\n\t\t\t\tdata-uid=\"69de4619bdc03\" action=\"\"\n\t\t\t><div role=\"alert\" aria-live=\"polite\" class=\"forminator-response-message forminator-error\" aria-hidden=\"true\"><\/div><div class=\"forminator-row\"><div id=\"name-1\" class=\"forminator-field-name forminator-col forminator-col-6\"><div class=\"forminator-field\"><label for=\"forminator-field-name-1_69de4619bdc03\" id=\"forminator-field-name-1_69de4619bdc03-label\" class=\"forminator-label\">Name <span class=\"forminator-required\">*<\/span><\/label><input type=\"text\" name=\"name-1\" value=\"\" placeholder=\"\" id=\"forminator-field-name-1_69de4619bdc03\" class=\"forminator-input forminator-name--field\" aria-required=\"true\" autocomplete=\"name\" \/><\/div><\/div><div id=\"name-2\" class=\"forminator-field-name forminator-col forminator-col-6\"><div class=\"forminator-field\"><label for=\"forminator-field-name-2_69de4619bdc03\" id=\"forminator-field-name-2_69de4619bdc03-label\" class=\"forminator-label\">Surname <span class=\"forminator-required\">*<\/span><\/label><input type=\"text\" name=\"name-2\" value=\"\" placeholder=\"\" id=\"forminator-field-name-2_69de4619bdc03\" class=\"forminator-input forminator-name--field\" aria-required=\"true\" autocomplete=\"name\" \/><\/div><\/div><\/div><div class=\"forminator-row\"><div id=\"email-1\" class=\"forminator-field-email forminator-col forminator-col-6\"><div class=\"forminator-field\"><label for=\"forminator-field-email-1_69de4619bdc03\" id=\"forminator-field-email-1_69de4619bdc03-label\" class=\"forminator-label\">Mail <span class=\"forminator-required\">*<\/span><\/label><input type=\"email\" name=\"email-1\" value=\"\" placeholder=\"\" id=\"forminator-field-email-1_69de4619bdc03\" class=\"forminator-input forminator-email--field\" data-required=\"1\" aria-required=\"true\" autocomplete=\"email\" \/><\/div><\/div><div id=\"phone-1\" class=\"forminator-field-phone forminator-col forminator-col-6\"><div class=\"forminator-field\"><label for=\"forminator-field-phone-1_69de4619bdc03\" id=\"forminator-field-phone-1_69de4619bdc03-label\" class=\"forminator-label\">Phone <span class=\"forminator-required\">*<\/span><\/label><input type=\"text\" name=\"phone-1\" value=\"\" placeholder=\"\" id=\"forminator-field-phone-1_69de4619bdc03\" class=\"forminator-input forminator-field--phone\" data-required=\"1\" aria-required=\"true\" autocomplete=\"off\" \/><\/div><\/div><\/div><div class=\"forminator-row\"><div id=\"textarea-1\" class=\"forminator-field-textarea forminator-col forminator-col-12\"><div class=\"forminator-field\"><textarea name=\"textarea-1\" placeholder=\"Write your message\" id=\"forminator-field-textarea-1_69de4619bdc03\" class=\"forminator-textarea\" rows=\"6\" style=\"min-height:140px;\" ><\/textarea><\/div><\/div><\/div><input type=\"hidden\" name=\"referer_url\" value=\"\" \/><div class=\"forminator-row forminator-row-last\"><div class=\"forminator-col\"><div class=\"forminator-field\"><button class=\"forminator-button forminator-button-submit forminator-button-form\">Send<\/button><\/div><\/div><\/div><input type=\"hidden\" id=\"forminator_nonce\" name=\"forminator_nonce\" value=\"29cefc8e23\" \/><input type=\"hidden\" name=\"_wp_http_referer\" value=\"\/en\/wp-json\/wp\/v2\/pages\/183\" \/><input type=\"hidden\" name=\"form_id\" value=\"639\"><input type=\"hidden\" name=\"page_id\" value=\"183\"><input type=\"hidden\" name=\"form_type\" value=\"default\"><input type=\"hidden\" name=\"current_url\" value=\"https:\/\/tropicoldsas.com\/en\/contacto\/\"><input type=\"hidden\" name=\"render_id\" value=\"0\"><input type=\"hidden\" name=\"action\" value=\"forminator_submit_form_custom-forms\"><input type=\"hidden\" name=\"trp-form-language\" value=\"en\"\/><\/form><\/div>\n\t\t\t\t\t\t<\/div>\n\t\t\t\t<\/div>\n\t\t\t\t<\/div>\n\t\t<div class=\"elementor-element elementor-element-1858f7d container e-con-full e-flex e-con e-child\" data-id=\"1858f7d\" data-element_type=\"container\">\n\t\t\t\t<div class=\"elementor-element elementor-element-5d7ac6f elementor-widget elementor-widget-heading\" data-id=\"5d7ac6f\" data-element_type=\"widget\" data-widget_type=\"heading.default\">\n\t\t\t\t\t<h2 class=\"elementor-heading-title elementor-size-default translation-block\">Where to <b>Find Us<\/b><\/h2>\t\t\t\t<\/div>\n\t\t\t\t<div class=\"elementor-element elementor-element-1b13a9b elementor-widget elementor-widget-text-editor\" data-id=\"1b13a9b\" data-element_type=\"widget\" data-widget_type=\"text-editor.default\">\n\t\t\t\t\t\t\t\t\t<p class=\"translation-block\"><strong>Experience excellence with our products and services.<\/strong>  From tailored solutions to expert guidance \u2014 we\u2019re here for you every step of the way.<\/p>\t\t\t\t\t\t\t\t<\/div>\n\t\t<div class=\"elementor-element elementor-element-4bc8421 e-con-full e-flex e-con e-child\" data-id=\"4bc8421\" data-element_type=\"container\">\n\t\t\t\t<div class=\"elementor-element elementor-element-d182d31 elementor-widget elementor-widget-google_maps\" data-id=\"d182d31\" data-element_type=\"widget\" data-widget_type=\"google_maps.default\">\n\t\t\t\t\t\t\t<div class=\"elementor-custom-embed\">\n\t\t\t<iframe loading=\"lazy\"\n\t\t\t\t\tsrc=\"https:\/\/maps.google.com\/maps?q=Calle%2024b%20%23%20100-41%20bogota&#038;t=m&#038;z=10&#038;output=embed&#038;iwloc=near\"\n\t\t\t\t\ttitle=\"Calle 24b # 100-41 bogota\"\n\t\t\t\t\taria-label=\"Calle 24b # 100-41 bogota\"\n\t\t\t><\/iframe>\n\t\t<\/div>\n\t\t\t\t\t\t<\/div>\n\t\t\t\t<\/div>\n\t\t\t\t<\/div>\n\t\t\t\t\t<\/div>\n\t\t\t\t<\/div>\n\t\t\t\t<\/div>","protected":false},"excerpt":{"rendered":"<p>Contacto Nuestro equipo de profesionales esta listo para\u2028asesorarte en todas tus necesidades. Cont\u00e1ctanos Nuestra ubicaci\u00f3n Descubre la excelencia con nuestros productos y servicios. Ya sea que necesites un producto espec\u00edfico o asistencia profesional, estamos\u00a0 aqu\u00ed para ayudarte.<\/p>","protected":false},"author":1,"featured_media":0,"parent":0,"menu_order":0,"comment_status":"closed","ping_status":"closed","template":"","meta":{"footnotes":""},"class_list":["post-183","page","type-page","status-publish","hentry"],"_hostinger_reach_plugin_has_subscription_block":false,"_hostinger_reach_plugin_is_elementor":false,"_links":{"self":[{"href":"https:\/\/tropicoldsas.com\/en\/wp-json\/wp\/v2\/pages\/183","targetHints":{"allow":["GET"]}}],"collection":[{"href":"https:\/\/tropicoldsas.com\/en\/wp-json\/wp\/v2\/pages"}],"about":[{"href":"https:\/\/tropicoldsas.com\/en\/wp-json\/wp\/v2\/types\/page"}],"author":[{"embeddable":true,"href":"https:\/\/tropicoldsas.com\/en\/wp-json\/wp\/v2\/users\/1"}],"replies":[{"embeddable":true,"href":"https:\/\/tropicoldsas.com\/en\/wp-json\/wp\/v2\/comments?post=183"}],"version-history":[{"count":58,"href":"https:\/\/tropicoldsas.com\/en\/wp-json\/wp\/v2\/pages\/183\/revisions"}],"predecessor-version":[{"id":1205,"href":"https:\/\/tropicoldsas.com\/en\/wp-json\/wp\/v2\/pages\/183\/revisions\/1205"}],"wp:attachment":[{"href":"https:\/\/tropicoldsas.com\/en\/wp-json\/wp\/v2\/media?parent=183"}],"curies":[{"name":"wp","href":"https:\/\/api.w.org\/{rel}","templated":true}]}}