{"id":185,"date":"2025-10-17T21:22:45","date_gmt":"2025-10-17T21:22:45","guid":{"rendered":"https:\/\/tropicoldsas.com\/?page_id=185"},"modified":"2025-10-20T16:46:59","modified_gmt":"2025-10-20T16:46:59","slug":"productos","status":"publish","type":"page","link":"https:\/\/tropicoldsas.com\/en\/productos\/","title":{"rendered":"Our Products"},"content":{"rendered":"<div data-elementor-type=\"wp-page\" data-elementor-id=\"185\" class=\"elementor elementor-185\">\n\t\t\t\t<div class=\"elementor-element elementor-element-06f0817 container e-flex e-con-boxed e-con e-parent\" data-id=\"06f0817\" data-element_type=\"container\">\n\t\t\t\t\t<div class=\"e-con-inner\">\n\t\t<div class=\"elementor-element elementor-element-f274501 container e-con-full e-flex e-con e-child\" data-id=\"f274501\" data-element_type=\"container\" data-settings=\"{&quot;background_background&quot;:&quot;classic&quot;}\">\n\t\t<div class=\"elementor-element elementor-element-3605071 e-con-full e-flex e-con e-child\" data-id=\"3605071\" data-element_type=\"container\" data-settings=\"{&quot;background_background&quot;:&quot;classic&quot;}\">\n\t\t\t\t<\/div>\n\t\t<div class=\"elementor-element elementor-element-8f464db e-con-full banner-texts e-flex e-con e-child\" data-id=\"8f464db\" data-element_type=\"container\" data-settings=\"{&quot;position&quot;:&quot;absolute&quot;}\">\n\t\t\t\t<div class=\"elementor-element elementor-element-c9b469c elementor-widget elementor-widget-text-editor\" data-id=\"c9b469c\" data-element_type=\"widget\" data-widget_type=\"text-editor.default\">\n\t\t\t\t\t\t\t\t\t<p>Freeze-Dried \nFruits &amp; Vegetables<\/p>\t\t\t\t\t\t\t\t<\/div>\n\t\t\t\t<\/div>\n\t\t\t\t<\/div>\n\t\t<div class=\"elementor-element elementor-element-ac1931b container e-con-full e-flex e-con e-child\" data-id=\"ac1931b\" data-element_type=\"container\">\n\t\t\t\t<div class=\"elementor-element elementor-element-e685770 elementor-widget elementor-widget-heading\" data-id=\"e685770\" data-element_type=\"widget\" data-widget_type=\"heading.default\">\n\t\t\t\t\t<h2 class=\"elementor-heading-title elementor-size-default\">Our Products<\/h2>\t\t\t\t<\/div>\n\t\t\t\t<div class=\"elementor-element elementor-element-cb1e310 elementor-widget elementor-widget-text-editor\" data-id=\"cb1e310\" data-element_type=\"widget\" data-widget_type=\"text-editor.default\">\n\t\t\t\t\t\t\t\t\t<p class=\"translation-block\">At <strong>Tropicold<\/strong>  we transform nature into unforgettable flavor experiences. Our mission is to craft foods that capture every fruit\u2019s essence \u2014 its taste, texture, and natural goodness.<\/p><p>Nuestro compromiso es desarrollar alimentos que conserven lo mejor de cada fruta, su <strong>sabor, textura y valor nutricional.<\/strong><\/p>\t\t\t\t\t\t\t\t<\/div>\n\t\t\t\t<\/div>\n\t\t<div class=\"elementor-element elementor-element-b671927 e-con-full e-flex e-con e-child\" data-id=\"b671927\" data-element_type=\"container\">\n\t\t<div class=\"elementor-element elementor-element-0d315b2 e-con-full e-flex e-con e-child\" data-id=\"0d315b2\" data-element_type=\"container\">\n\t\t<div class=\"elementor-element elementor-element-85c79a7 e-con-full product-image e-flex e-con e-child\" data-id=\"85c79a7\" data-element_type=\"container\">\n\t\t\t\t<div class=\"elementor-element elementor-element-f1d6929 elementor-widget elementor-widget-image\" data-id=\"f1d6929\" data-element_type=\"widget\" data-widget_type=\"image.default\">\n\t\t\t\t\t\t\t\t\t\t\t\t\t\t\t<img fetchpriority=\"high\" decoding=\"async\" width=\"683\" height=\"1024\" src=\"https:\/\/tropicoldsas.com\/wp-content\/uploads\/2025\/10\/products1-683x1024.jpg\" class=\"attachment-large size-large wp-image-792\" alt=\"\" srcset=\"https:\/\/tropicoldsas.com\/wp-content\/uploads\/2025\/10\/products1-683x1024.jpg 683w, https:\/\/tropicoldsas.com\/wp-content\/uploads\/2025\/10\/products1-200x300.jpg 200w, https:\/\/tropicoldsas.com\/wp-content\/uploads\/2025\/10\/products1-768x1152.jpg 768w, https:\/\/tropicoldsas.com\/wp-content\/uploads\/2025\/10\/products1-8x12.jpg 8w, https:\/\/tropicoldsas.com\/wp-content\/uploads\/2025\/10\/products1.jpg 1024w\" sizes=\"(max-width: 683px) 100vw, 683px\" \/>\t\t\t\t\t\t\t\t\t\t\t\t\t\t\t<\/div>\n\t\t\t\t<\/div>\n\t\t<div class=\"elementor-element elementor-element-1bfdab6 e-con-full e-flex e-con e-child\" data-id=\"1bfdab6\" data-element_type=\"container\">\n\t\t\t\t<div class=\"elementor-element elementor-element-1694ef9 elementor-widget elementor-widget-heading\" data-id=\"1694ef9\" data-element_type=\"widget\" data-widget_type=\"heading.default\">\n\t\t\t\t\t<h2 class=\"elementor-heading-title elementor-size-default translation-block\"><b>Snacks de frutas<\/b>&nbsp;\r\nliofilizadas<\/h2>\t\t\t\t<\/div>\n\t\t\t\t<div class=\"elementor-element elementor-element-76820f4 elementor-widget elementor-widget-text-editor\" data-id=\"76820f4\" data-element_type=\"widget\" data-widget_type=\"text-editor.default\">\n\t\t\t\t\t\t\t\t\t<p class=\"translation-block\"><strong>Pure Nutrition in Every Bite<\/strong> Our snacks are made from 100% natural fruit \u2014 no sugar, no preservatives, just pure goodness. Freeze-dried to lock in color, flavor, and nutrients, they\u2019re light, healthy, and irresistibly crunchy.<\/p>\t\t\t\t\t\t\t\t<\/div>\n\t\t\t\t<\/div>\n\t\t\t\t<\/div>\n\t\t\t\t<\/div>\n\t\t<div class=\"elementor-element elementor-element-1f67d61 e-con-full e-flex e-con e-child\" data-id=\"1f67d61\" data-element_type=\"container\">\n\t\t<div class=\"elementor-element elementor-element-2717c9b e-con-full e-flex e-con e-child\" data-id=\"2717c9b\" data-element_type=\"container\">\n\t\t<div class=\"elementor-element elementor-element-1c0a5a4 e-con-full product-image e-flex e-con e-child\" data-id=\"1c0a5a4\" data-element_type=\"container\">\n\t\t\t\t<div class=\"elementor-element elementor-element-3d8ce00 elementor-widget elementor-widget-image\" data-id=\"3d8ce00\" data-element_type=\"widget\" data-widget_type=\"image.default\">\n\t\t\t\t\t\t\t\t\t\t\t\t\t\t\t<img decoding=\"async\" width=\"683\" height=\"1024\" src=\"https:\/\/tropicoldsas.com\/wp-content\/uploads\/2025\/10\/product-2-683x1024.png\" class=\"attachment-large size-large wp-image-841\" alt=\"\" srcset=\"https:\/\/tropicoldsas.com\/wp-content\/uploads\/2025\/10\/product-2-683x1024.png 683w, https:\/\/tropicoldsas.com\/wp-content\/uploads\/2025\/10\/product-2-200x300.png 200w, https:\/\/tropicoldsas.com\/wp-content\/uploads\/2025\/10\/product-2-768x1152.png 768w, https:\/\/tropicoldsas.com\/wp-content\/uploads\/2025\/10\/product-2-8x12.png 8w, https:\/\/tropicoldsas.com\/wp-content\/uploads\/2025\/10\/product-2.png 1024w\" sizes=\"(max-width: 683px) 100vw, 683px\" \/>\t\t\t\t\t\t\t\t\t\t\t\t\t\t\t<\/div>\n\t\t\t\t<\/div>\n\t\t<div class=\"elementor-element elementor-element-8c05635 e-con-full e-flex e-con e-child\" data-id=\"8c05635\" data-element_type=\"container\">\n\t\t\t\t<div class=\"elementor-element elementor-element-b2633c0 elementor-widget elementor-widget-heading\" data-id=\"b2633c0\" data-element_type=\"widget\" data-widget_type=\"heading.default\">\n\t\t\t\t\t<h2 class=\"elementor-heading-title elementor-size-default translation-block\">Ready-to-<b>Market Solutions<\/b><\/h2>\t\t\t\t<\/div>\n\t\t\t\t<div class=\"elementor-element elementor-element-8085d97 elementor-widget elementor-widget-text-editor\" data-id=\"8085d97\" data-element_type=\"widget\" data-widget_type=\"text-editor.default\">\n\t\t\t\t\t\t\t\t\t<p class=\"translation-block\"><strong>Development, Packaging &amp; Market Launch<\/strong>\nWe craft ready-to-market snacks that meet consumer needs and trends. From sourcing to packaging design, we\u2019re with you every step of the way \u2014 creating products with strong identity, premium quality, and real value.<\/p>\t\t\t\t\t\t\t\t<\/div>\n\t\t\t\t<\/div>\n\t\t\t\t<\/div>\n\t\t\t\t<\/div>\n\t\t<div class=\"elementor-element elementor-element-db1a4aa e-con-full section-form e-flex e-con e-child\" data-id=\"db1a4aa\" data-element_type=\"container\">\n\t\t\t\t<div class=\"elementor-element elementor-element-73c2859 elementor-widget elementor-widget-heading\" data-id=\"73c2859\" data-element_type=\"widget\" data-widget_type=\"heading.default\">\n\t\t\t\t\t<h2 class=\"elementor-heading-title elementor-size-default\">Get in Touch<\/h2>\t\t\t\t<\/div>\n\t\t<div class=\"elementor-element elementor-element-60e9ee4 e-con-full e-flex e-con e-child\" data-id=\"60e9ee4\" data-element_type=\"container\">\n\t\t\t\t<div class=\"elementor-element elementor-element-d455044 elementor-widget elementor-widget-shortcode\" data-id=\"d455044\" data-element_type=\"widget\" data-widget_type=\"shortcode.default\">\n\t\t\t\t\t\t\t<div class=\"elementor-shortcode\"><div class=\"forminator-ui forminator-custom-form forminator-custom-form-639 forminator-design--default  forminator_ajax\" data-forminator-render=\"0\" data-form=\"forminator-module-639\" data-uid=\"69de4a0e480f5\"><br\/><\/div><form\n\t\t\t\tid=\"forminator-module-639\"\n\t\t\t\tclass=\"forminator-ui forminator-custom-form forminator-custom-form-639 forminator-design--default  forminator_ajax\"\n\t\t\t\tmethod=\"post\"\n\t\t\t\tdata-forminator-render=\"0\"\n\t\t\t\tdata-form-id=\"639\"\n\t\t\t\t data-color-option=\"theme\" data-design=\"default\" data-grid=\"open\" style=\"display: none;\"\n\t\t\t\tdata-uid=\"69de4a0e480f5\" action=\"\"\n\t\t\t><div role=\"alert\" aria-live=\"polite\" class=\"forminator-response-message forminator-error\" aria-hidden=\"true\"><\/div><div class=\"forminator-row\"><div id=\"name-1\" class=\"forminator-field-name forminator-col forminator-col-6\"><div class=\"forminator-field\"><label for=\"forminator-field-name-1_69de4a0e480f5\" id=\"forminator-field-name-1_69de4a0e480f5-label\" class=\"forminator-label\">Name <span class=\"forminator-required\">*<\/span><\/label><input type=\"text\" name=\"name-1\" value=\"\" placeholder=\"\" id=\"forminator-field-name-1_69de4a0e480f5\" class=\"forminator-input forminator-name--field\" aria-required=\"true\" autocomplete=\"name\" \/><\/div><\/div><div id=\"name-2\" class=\"forminator-field-name forminator-col forminator-col-6\"><div class=\"forminator-field\"><label for=\"forminator-field-name-2_69de4a0e480f5\" id=\"forminator-field-name-2_69de4a0e480f5-label\" class=\"forminator-label\">Surname <span class=\"forminator-required\">*<\/span><\/label><input type=\"text\" name=\"name-2\" value=\"\" placeholder=\"\" id=\"forminator-field-name-2_69de4a0e480f5\" class=\"forminator-input forminator-name--field\" aria-required=\"true\" autocomplete=\"name\" \/><\/div><\/div><\/div><div class=\"forminator-row\"><div id=\"email-1\" class=\"forminator-field-email forminator-col forminator-col-6\"><div class=\"forminator-field\"><label for=\"forminator-field-email-1_69de4a0e480f5\" id=\"forminator-field-email-1_69de4a0e480f5-label\" class=\"forminator-label\">Mail <span class=\"forminator-required\">*<\/span><\/label><input type=\"email\" name=\"email-1\" value=\"\" placeholder=\"\" id=\"forminator-field-email-1_69de4a0e480f5\" class=\"forminator-input forminator-email--field\" data-required=\"1\" aria-required=\"true\" autocomplete=\"email\" \/><\/div><\/div><div id=\"phone-1\" class=\"forminator-field-phone forminator-col forminator-col-6\"><div class=\"forminator-field\"><label for=\"forminator-field-phone-1_69de4a0e480f5\" id=\"forminator-field-phone-1_69de4a0e480f5-label\" class=\"forminator-label\">Phone <span class=\"forminator-required\">*<\/span><\/label><input type=\"text\" name=\"phone-1\" value=\"\" placeholder=\"\" id=\"forminator-field-phone-1_69de4a0e480f5\" class=\"forminator-input forminator-field--phone\" data-required=\"1\" aria-required=\"true\" autocomplete=\"off\" \/><\/div><\/div><\/div><div class=\"forminator-row\"><div id=\"textarea-1\" class=\"forminator-field-textarea forminator-col forminator-col-12\"><div class=\"forminator-field\"><textarea name=\"textarea-1\" placeholder=\"Write your message\" id=\"forminator-field-textarea-1_69de4a0e480f5\" class=\"forminator-textarea\" rows=\"6\" style=\"min-height:140px;\" ><\/textarea><\/div><\/div><\/div><input type=\"hidden\" name=\"referer_url\" value=\"\" \/><div class=\"forminator-row forminator-row-last\"><div class=\"forminator-col\"><div class=\"forminator-field\"><button class=\"forminator-button forminator-button-submit forminator-button-form\">Send<\/button><\/div><\/div><\/div><input type=\"hidden\" id=\"forminator_nonce\" name=\"forminator_nonce\" value=\"29cefc8e23\" \/><input type=\"hidden\" name=\"_wp_http_referer\" value=\"\/en\/wp-json\/wp\/v2\/pages\/185\" \/><input type=\"hidden\" name=\"form_id\" value=\"639\"><input type=\"hidden\" name=\"page_id\" value=\"185\"><input type=\"hidden\" name=\"form_type\" value=\"default\"><input type=\"hidden\" name=\"current_url\" value=\"https:\/\/tropicoldsas.com\/en\/productos\/\"><input type=\"hidden\" name=\"render_id\" value=\"0\"><input type=\"hidden\" name=\"action\" value=\"forminator_submit_form_custom-forms\"><input type=\"hidden\" name=\"trp-form-language\" value=\"en\"\/><\/form><\/div>\n\t\t\t\t\t\t<\/div>\n\t\t\t\t<\/div>\n\t\t\t\t<\/div>\n\t\t\t\t\t<\/div>\n\t\t\t\t<\/div>\n\t\t\t\t<\/div>","protected":false},"excerpt":{"rendered":"<p>Frutas y verduras Productos En Tropicold transformamos la naturaleza en experiencias \u00fanicas de sabor.\u2028 Nuestro compromiso es desarrollar alimentos que conserven lo mejor de cada fruta, su sabor, textura y valor nutricional. Snacks de frutas&nbsp; liofilizadas Nutrici\u00f3n natural en cada bocadoNuestros snacks son elaborados a partir de fruta 100% natural, sin az\u00facar a\u00f1adida ni conservantes.\u2028Gracias [&hellip;]<\/p>","protected":false},"author":1,"featured_media":0,"parent":0,"menu_order":0,"comment_status":"closed","ping_status":"closed","template":"","meta":{"footnotes":""},"class_list":["post-185","page","type-page","status-publish","hentry"],"_hostinger_reach_plugin_has_subscription_block":false,"_hostinger_reach_plugin_is_elementor":false,"_links":{"self":[{"href":"https:\/\/tropicoldsas.com\/en\/wp-json\/wp\/v2\/pages\/185","targetHints":{"allow":["GET"]}}],"collection":[{"href":"https:\/\/tropicoldsas.com\/en\/wp-json\/wp\/v2\/pages"}],"about":[{"href":"https:\/\/tropicoldsas.com\/en\/wp-json\/wp\/v2\/types\/page"}],"author":[{"embeddable":true,"href":"https:\/\/tropicoldsas.com\/en\/wp-json\/wp\/v2\/users\/1"}],"replies":[{"embeddable":true,"href":"https:\/\/tropicoldsas.com\/en\/wp-json\/wp\/v2\/comments?post=185"}],"version-history":[{"count":119,"href":"https:\/\/tropicoldsas.com\/en\/wp-json\/wp\/v2\/pages\/185\/revisions"}],"predecessor-version":[{"id":1198,"href":"https:\/\/tropicoldsas.com\/en\/wp-json\/wp\/v2\/pages\/185\/revisions\/1198"}],"wp:attachment":[{"href":"https:\/\/tropicoldsas.com\/en\/wp-json\/wp\/v2\/media?parent=185"}],"curies":[{"name":"wp","href":"https:\/\/api.w.org\/{rel}","templated":true}]}}