{"id":187,"date":"2025-10-17T21:22:59","date_gmt":"2025-10-17T21:22:59","guid":{"rendered":"https:\/\/tropicoldsas.com\/?page_id=187"},"modified":"2025-10-21T16:28:35","modified_gmt":"2025-10-21T16:28:35","slug":"servicios","status":"publish","type":"page","link":"https:\/\/tropicoldsas.com\/en\/servicios\/","title":{"rendered":"Our Services"},"content":{"rendered":"<div data-elementor-type=\"wp-page\" data-elementor-id=\"187\" class=\"elementor elementor-187\">\n\t\t\t\t<div class=\"elementor-element elementor-element-4272ac1 container e-flex e-con-boxed e-con e-parent\" data-id=\"4272ac1\" data-element_type=\"container\">\n\t\t\t\t\t<div class=\"e-con-inner\">\n\t\t<div class=\"elementor-element elementor-element-2ad144f container e-con-full e-flex e-con e-child\" data-id=\"2ad144f\" data-element_type=\"container\" data-settings=\"{&quot;background_background&quot;:&quot;classic&quot;}\">\n\t\t<div class=\"elementor-element elementor-element-6ceb82b e-con-full e-flex e-con e-child\" data-id=\"6ceb82b\" data-element_type=\"container\" data-settings=\"{&quot;background_background&quot;:&quot;classic&quot;}\">\n\t\t\t\t<\/div>\n\t\t<div class=\"elementor-element elementor-element-e726e24 e-con-full banner-texts e-flex e-con e-child\" data-id=\"e726e24\" data-element_type=\"container\" data-settings=\"{&quot;position&quot;:&quot;absolute&quot;}\">\n\t\t\t\t<div class=\"elementor-element elementor-element-11a0e03 elementor-widget elementor-widget-text-editor\" data-id=\"11a0e03\" data-element_type=\"widget\" data-widget_type=\"text-editor.default\">\n\t\t\t\t\t\t\t\t\t<p>What we do?<\/p>\t\t\t\t\t\t\t\t<\/div>\n\t\t\t\t<div class=\"elementor-element elementor-element-40d8ab6 elementor-widget elementor-widget-text-editor\" data-id=\"40d8ab6\" data-element_type=\"widget\" data-widget_type=\"text-editor.default\">\n\t\t\t\t\t\t\t\t\t<p>Innovative Solutions for the Food Industry<\/p>\t\t\t\t\t\t\t\t<\/div>\n\t\t\t\t<\/div>\n\t\t\t\t<\/div>\n\t\t<div class=\"elementor-element elementor-element-9e5983c container e-con-full e-flex e-con e-child\" data-id=\"9e5983c\" data-element_type=\"container\">\n\t\t\t\t<div class=\"elementor-element elementor-element-f17de58 elementor-widget elementor-widget-heading\" data-id=\"f17de58\" data-element_type=\"widget\" data-widget_type=\"heading.default\">\n\t\t\t\t\t<h2 class=\"elementor-heading-title elementor-size-default\">Our Services<\/h2>\t\t\t\t<\/div>\n\t\t\t\t<\/div>\n\t\t<div class=\"elementor-element elementor-element-4e33635 container e-con-full e-flex e-con e-child\" data-id=\"4e33635\" data-element_type=\"container\">\n\t\t<div class=\"elementor-element elementor-element-dfa61cc e-con-full e-flex e-con e-child\" data-id=\"dfa61cc\" data-element_type=\"container\" data-settings=\"{&quot;background_background&quot;:&quot;classic&quot;}\">\n\t\t\t\t<\/div>\n\t\t<div class=\"elementor-element elementor-element-e219136 e-con-full banner-texts e-flex e-con e-child\" data-id=\"e219136\" data-element_type=\"container\" data-settings=\"{&quot;position&quot;:&quot;absolute&quot;}\">\n\t\t\t\t<div class=\"elementor-element elementor-element-b915d99 elementor-widget elementor-widget-heading\" data-id=\"b915d99\" data-element_type=\"widget\" data-widget_type=\"heading.default\">\n\t\t\t\t\t<h3 class=\"elementor-heading-title elementor-size-default\">Freeze-drying.<\/h3>\t\t\t\t<\/div>\n\t\t\t\t<div class=\"elementor-element elementor-element-61b26d3 elementor-widget elementor-widget-text-editor\" data-id=\"61b26d3\" data-element_type=\"widget\" data-widget_type=\"text-editor.default\">\n\t\t\t\t\t\t\t\t\t<p class=\"translation-block\"><b>This cutting-edge technology <\/b> preserves the full nutritional value of fruits and vegetables in an innovative way.<\/p>\t\t\t\t\t\t\t\t<\/div>\n\t\t\t\t<\/div>\n\t\t\t\t<\/div>\n\t\t<div class=\"elementor-element elementor-element-d9ea820 container e-con-full e-flex e-con e-child\" data-id=\"d9ea820\" data-element_type=\"container\">\n\t\t\t\t<div class=\"elementor-element elementor-element-09e9475 elementor-widget elementor-widget-heading\" data-id=\"09e9475\" data-element_type=\"widget\" data-widget_type=\"heading.default\">\n\t\t\t\t\t<h2 class=\"elementor-heading-title elementor-size-default translation-block\">Our <b>technology<\/b><\/h2>\t\t\t\t<\/div>\n\t\t\t\t<div class=\"elementor-element elementor-element-760a794 elementor-widget elementor-widget-text-editor\" data-id=\"760a794\" data-element_type=\"widget\" data-widget_type=\"text-editor.default\">\n\t\t\t\t\t\t\t\t\t<p>How Does Freeze-Drying Work?\u2028 We place frozen fruits and vegetables in a vacuum chamber where, without thawing, ice turns into vapor through sublimation. The result: a product that keeps its natural color, shape, flavor, and nutrients \u2014 just lighter and longer-lasting.<\/p>\t\t\t\t\t\t\t\t<\/div>\n\t\t\t\t<\/div>\n\t\t<div class=\"elementor-element elementor-element-40963c2 e-con-full e-grid e-con e-child\" data-id=\"40963c2\" data-element_type=\"container\">\n\t\t<div class=\"elementor-element elementor-element-18f3917 e-con-full card-zoom e-flex e-con e-child\" data-id=\"18f3917\" data-element_type=\"container\" data-settings=\"{&quot;background_background&quot;:&quot;classic&quot;}\">\n\t\t\t\t<div class=\"elementor-element elementor-element-b38d4dd elementor-widget elementor-widget-image\" data-id=\"b38d4dd\" data-element_type=\"widget\" data-widget_type=\"image.default\">\n\t\t\t\t\t\t\t\t\t\t\t\t\t\t\t<img decoding=\"async\" width=\"81\" height=\"81\" src=\"https:\/\/tropicoldsas.com\/wp-content\/uploads\/2025\/10\/icon-bienestar.png\" class=\"attachment-large size-large wp-image-926\" alt=\"\" srcset=\"https:\/\/tropicoldsas.com\/wp-content\/uploads\/2025\/10\/icon-bienestar.png 81w, https:\/\/tropicoldsas.com\/wp-content\/uploads\/2025\/10\/icon-bienestar-12x12.png 12w\" sizes=\"(max-width: 81px) 100vw, 81px\" \/>\t\t\t\t\t\t\t\t\t\t\t\t\t\t\t<\/div>\n\t\t\t\t<div class=\"elementor-element elementor-element-b9f1051 elementor-widget elementor-widget-heading\" data-id=\"b9f1051\" data-element_type=\"widget\" data-widget_type=\"heading.default\">\n\t\t\t\t\t<h5 class=\"elementor-heading-title elementor-size-default\">Wellness<\/h5>\t\t\t\t<\/div>\n\t\t\t\t<div class=\"elementor-element elementor-element-b257f9f elementor-widget elementor-widget-text-editor\" data-id=\"b257f9f\" data-element_type=\"widget\" data-widget_type=\"text-editor.default\">\n\t\t\t\t\t\t\t\t\t<p>Ready-to-eat superfoods \u2014 healthy, natural, and full of goodness. Gluten-free, non-GMO, Kosher and Halal certified, made without trans fats and loaded with nutrients and antioxidants.<\/p>\t\t\t\t\t\t\t\t<\/div>\n\t\t\t\t<\/div>\n\t\t<div class=\"elementor-element elementor-element-e626e9b e-con-full card-zoom e-flex e-con e-child\" data-id=\"e626e9b\" data-element_type=\"container\" data-settings=\"{&quot;background_background&quot;:&quot;classic&quot;}\">\n\t\t\t\t<div class=\"elementor-element elementor-element-781cb74 elementor-widget elementor-widget-image\" data-id=\"781cb74\" data-element_type=\"widget\" data-widget_type=\"image.default\">\n\t\t\t\t\t\t\t\t\t\t\t\t\t\t\t<img decoding=\"async\" width=\"79\" height=\"82\" src=\"https:\/\/tropicoldsas.com\/wp-content\/uploads\/2025\/10\/icon-calidad.png\" class=\"attachment-large size-large wp-image-925\" alt=\"\" srcset=\"https:\/\/tropicoldsas.com\/wp-content\/uploads\/2025\/10\/icon-calidad.png 79w, https:\/\/tropicoldsas.com\/wp-content\/uploads\/2025\/10\/icon-calidad-12x12.png 12w\" sizes=\"(max-width: 79px) 100vw, 79px\" \/>\t\t\t\t\t\t\t\t\t\t\t\t\t\t\t<\/div>\n\t\t\t\t<div class=\"elementor-element elementor-element-dd77b88 elementor-widget elementor-widget-heading\" data-id=\"dd77b88\" data-element_type=\"widget\" data-widget_type=\"heading.default\">\n\t\t\t\t\t<h5 class=\"elementor-heading-title elementor-size-default\">Premium Quality<\/h5>\t\t\t\t<\/div>\n\t\t\t\t<div class=\"elementor-element elementor-element-d3188ae elementor-widget elementor-widget-text-editor\" data-id=\"d3188ae\" data-element_type=\"widget\" data-widget_type=\"text-editor.default\">\n\t\t\t\t\t\t\t\t\t<p>We meet the highest food safety standards to deliver healthy, nutritious solutions for clients worldwide.<\/p>\t\t\t\t\t\t\t\t<\/div>\n\t\t\t\t<\/div>\n\t\t<div class=\"elementor-element elementor-element-faaf9a8 e-con-full card-zoom e-flex e-con e-child\" data-id=\"faaf9a8\" data-element_type=\"container\" data-settings=\"{&quot;background_background&quot;:&quot;classic&quot;}\">\n\t\t\t\t<div class=\"elementor-element elementor-element-fd50dbd elementor-widget elementor-widget-image\" data-id=\"fd50dbd\" data-element_type=\"widget\" data-widget_type=\"image.default\">\n\t\t\t\t\t\t\t\t\t\t\t\t\t\t\t<img decoding=\"async\" width=\"79\" height=\"80\" src=\"https:\/\/tropicoldsas.com\/wp-content\/uploads\/2025\/10\/icon-variedad.png\" class=\"attachment-large size-large wp-image-924\" alt=\"\" srcset=\"https:\/\/tropicoldsas.com\/wp-content\/uploads\/2025\/10\/icon-variedad.png 79w, https:\/\/tropicoldsas.com\/wp-content\/uploads\/2025\/10\/icon-variedad-12x12.png 12w\" sizes=\"(max-width: 79px) 100vw, 79px\" \/>\t\t\t\t\t\t\t\t\t\t\t\t\t\t\t<\/div>\n\t\t\t\t<div class=\"elementor-element elementor-element-3d24147 elementor-widget elementor-widget-heading\" data-id=\"3d24147\" data-element_type=\"widget\" data-widget_type=\"heading.default\">\n\t\t\t\t\t<h5 class=\"elementor-heading-title elementor-size-default\">Variety<\/h5>\t\t\t\t<\/div>\n\t\t\t\t<div class=\"elementor-element elementor-element-b4de64e elementor-widget elementor-widget-text-editor\" data-id=\"b4de64e\" data-element_type=\"widget\" data-widget_type=\"text-editor.default\">\n\t\t\t\t\t\t\t\t\t<p>Whole fruits in different forms: chunks, cubes, slices, crumbles, and powder.<\/p>\t\t\t\t\t\t\t\t<\/div>\n\t\t\t\t<\/div>\n\t\t<div class=\"elementor-element elementor-element-8bbbdef e-con-full card-zoom e-flex e-con e-child\" data-id=\"8bbbdef\" data-element_type=\"container\" data-settings=\"{&quot;background_background&quot;:&quot;classic&quot;}\">\n\t\t\t\t<div class=\"elementor-element elementor-element-e3a0721 elementor-widget elementor-widget-image\" data-id=\"e3a0721\" data-element_type=\"widget\" data-widget_type=\"image.default\">\n\t\t\t\t\t\t\t\t\t\t\t\t\t\t\t<img loading=\"lazy\" decoding=\"async\" width=\"84\" height=\"80\" src=\"https:\/\/tropicoldsas.com\/wp-content\/uploads\/2025\/10\/icon-simple.png\" class=\"attachment-large size-large wp-image-923\" alt=\"\" srcset=\"https:\/\/tropicoldsas.com\/wp-content\/uploads\/2025\/10\/icon-simple.png 84w, https:\/\/tropicoldsas.com\/wp-content\/uploads\/2025\/10\/icon-simple-13x12.png 13w\" sizes=\"(max-width: 84px) 100vw, 84px\" \/>\t\t\t\t\t\t\t\t\t\t\t\t\t\t\t<\/div>\n\t\t\t\t<div class=\"elementor-element elementor-element-183c9ce elementor-widget elementor-widget-heading\" data-id=\"183c9ce\" data-element_type=\"widget\" data-widget_type=\"heading.default\">\n\t\t\t\t\t<h5 class=\"elementor-heading-title elementor-size-default\">Simple<\/h5>\t\t\t\t<\/div>\n\t\t\t\t<div class=\"elementor-element elementor-element-0f9f4fe elementor-widget elementor-widget-text-editor\" data-id=\"0f9f4fe\" data-element_type=\"widget\" data-widget_type=\"text-editor.default\">\n\t\t\t\t\t\t\t\t\t<p>A quick, easy, and delicious way to add more fruits and veggies to your day.<\/p>\t\t\t\t\t\t\t\t<\/div>\n\t\t\t\t<\/div>\n\t\t<div class=\"elementor-element elementor-element-9fd6390 e-con-full card-zoom e-flex e-con e-child\" data-id=\"9fd6390\" data-element_type=\"container\" data-settings=\"{&quot;background_background&quot;:&quot;classic&quot;}\">\n\t\t\t\t<div class=\"elementor-element elementor-element-994f075 elementor-widget elementor-widget-image\" data-id=\"994f075\" data-element_type=\"widget\" data-widget_type=\"image.default\">\n\t\t\t\t\t\t\t\t\t\t\t\t\t\t\t<img loading=\"lazy\" decoding=\"async\" width=\"80\" height=\"80\" src=\"https:\/\/tropicoldsas.com\/wp-content\/uploads\/2025\/10\/icon-practico.png\" class=\"attachment-large size-large wp-image-922\" alt=\"\" srcset=\"https:\/\/tropicoldsas.com\/wp-content\/uploads\/2025\/10\/icon-practico.png 80w, https:\/\/tropicoldsas.com\/wp-content\/uploads\/2025\/10\/icon-practico-12x12.png 12w\" sizes=\"(max-width: 80px) 100vw, 80px\" \/>\t\t\t\t\t\t\t\t\t\t\t\t\t\t\t<\/div>\n\t\t\t\t<div class=\"elementor-element elementor-element-86d7fad elementor-widget elementor-widget-heading\" data-id=\"86d7fad\" data-element_type=\"widget\" data-widget_type=\"heading.default\">\n\t\t\t\t\t<h5 class=\"elementor-heading-title elementor-size-default\">Convenient<\/h5>\t\t\t\t<\/div>\n\t\t\t\t<div class=\"elementor-element elementor-element-6e67dce elementor-widget elementor-widget-text-editor\" data-id=\"6e67dce\" data-element_type=\"widget\" data-widget_type=\"text-editor.default\">\n\t\t\t\t\t\t\t\t\t<p>Light, compact, and long-lasting \u2014 no refrigeration required.<\/p>\t\t\t\t\t\t\t\t<\/div>\n\t\t\t\t<\/div>\n\t\t<div class=\"elementor-element elementor-element-fb9340a e-con-full card-zoom e-flex e-con e-child\" data-id=\"fb9340a\" data-element_type=\"container\" data-settings=\"{&quot;background_background&quot;:&quot;classic&quot;}\">\n\t\t\t\t<div class=\"elementor-element elementor-element-e0c49d1 elementor-widget elementor-widget-image\" data-id=\"e0c49d1\" data-element_type=\"widget\" data-widget_type=\"image.default\">\n\t\t\t\t\t\t\t\t\t\t\t\t\t\t\t<img loading=\"lazy\" decoding=\"async\" width=\"80\" height=\"80\" src=\"https:\/\/tropicoldsas.com\/wp-content\/uploads\/2025\/10\/icon-sabor.png\" class=\"attachment-large size-large wp-image-921\" alt=\"\" srcset=\"https:\/\/tropicoldsas.com\/wp-content\/uploads\/2025\/10\/icon-sabor.png 80w, https:\/\/tropicoldsas.com\/wp-content\/uploads\/2025\/10\/icon-sabor-12x12.png 12w\" sizes=\"(max-width: 80px) 100vw, 80px\" \/>\t\t\t\t\t\t\t\t\t\t\t\t\t\t\t<\/div>\n\t\t\t\t<div class=\"elementor-element elementor-element-1cf1480 elementor-widget elementor-widget-heading\" data-id=\"1cf1480\" data-element_type=\"widget\" data-widget_type=\"heading.default\">\n\t\t\t\t\t<h5 class=\"elementor-heading-title elementor-size-default\">Deliciously Flavorful<\/h5>\t\t\t\t<\/div>\n\t\t\t\t<div class=\"elementor-element elementor-element-72c09d1 elementor-widget elementor-widget-text-editor\" data-id=\"72c09d1\" data-element_type=\"widget\" data-widget_type=\"text-editor.default\">\n\t\t\t\t\t\t\t\t\t<p>Real flavors. Irresistible textures. Creative forms.<\/p>\t\t\t\t\t\t\t\t<\/div>\n\t\t\t\t<\/div>\n\t\t\t\t<\/div>\n\t\t<div class=\"elementor-element elementor-element-7a693c7 e-con-full e-flex e-con e-child\" data-id=\"7a693c7\" data-element_type=\"container\">\n\t\t<div class=\"elementor-element elementor-element-09457d7 e-con-full e-flex e-con e-child\" data-id=\"09457d7\" data-element_type=\"container\">\n\t\t<div class=\"elementor-element elementor-element-d775e34 e-con-full product-image e-flex e-con e-child\" data-id=\"d775e34\" data-element_type=\"container\">\n\t\t\t\t<div class=\"elementor-element elementor-element-b362b4d elementor-widget elementor-widget-image\" data-id=\"b362b4d\" data-element_type=\"widget\" data-widget_type=\"image.default\">\n\t\t\t\t\t\t\t\t\t\t\t\t\t\t\t<img loading=\"lazy\" decoding=\"async\" width=\"400\" height=\"400\" src=\"https:\/\/tropicoldsas.com\/wp-content\/uploads\/2025\/10\/services-proccess.png\" class=\"attachment-large size-large wp-image-954\" alt=\"\" srcset=\"https:\/\/tropicoldsas.com\/wp-content\/uploads\/2025\/10\/services-proccess.png 400w, https:\/\/tropicoldsas.com\/wp-content\/uploads\/2025\/10\/services-proccess-300x300.png 300w, https:\/\/tropicoldsas.com\/wp-content\/uploads\/2025\/10\/services-proccess-150x150.png 150w, https:\/\/tropicoldsas.com\/wp-content\/uploads\/2025\/10\/services-proccess-12x12.png 12w\" sizes=\"(max-width: 400px) 100vw, 400px\" \/>\t\t\t\t\t\t\t\t\t\t\t\t\t\t\t<\/div>\n\t\t\t\t<\/div>\n\t\t<div class=\"elementor-element elementor-element-540d006 e-con-full e-flex e-con e-child\" data-id=\"540d006\" data-element_type=\"container\">\n\t\t\t\t<div class=\"elementor-element elementor-element-6983811 elementor-widget elementor-widget-heading\" data-id=\"6983811\" data-element_type=\"widget\" data-widget_type=\"heading.default\">\n\t\t\t\t\t<h2 class=\"elementor-heading-title elementor-size-default translation-block\">Custom \n<b>Processing<\/b><\/h2>\t\t\t\t<\/div>\n\t\t\t\t<div class=\"elementor-element elementor-element-0c2ce46 elementor-widget elementor-widget-text-editor\" data-id=\"0c2ce46\" data-element_type=\"widget\" data-widget_type=\"text-editor.default\">\n\t\t\t\t\t\t\t\t\t<p class=\"translation-block\">We provide full customization of our freeze-dried fruits and vegetables. Our process meets modern consumer needs \u2014 clean-label, nutritious, rich in flavor, and easy to enjoy.<\/p><p>\u00a0<\/p><ul><li><strong>Cereals &amp; Baby Food<\/strong><\/li><li><strong>Ready-to-Mix Beverages<\/strong><\/li><li><strong>Baking Goods<\/strong><\/li><li><strong>Snacks &amp; Protein Bars<\/strong><\/li><li><strong>Frozen Meals<\/strong><\/li><li><strong>Soups &amp; Sauces<\/strong><\/li><\/ul>\t\t\t\t\t\t\t\t<\/div>\n\t\t\t\t<\/div>\n\t\t\t\t<\/div>\n\t\t\t\t<\/div>\n\t\t<div class=\"elementor-element elementor-element-92689c0 container e-con-full e-flex e-con e-child\" data-id=\"92689c0\" data-element_type=\"container\">\n\t\t\t\t<div class=\"elementor-element elementor-element-53d18b4 elementor-widget elementor-widget-heading\" data-id=\"53d18b4\" data-element_type=\"widget\" data-widget_type=\"heading.default\">\n\t\t\t\t\t<h2 class=\"elementor-heading-title elementor-size-default translation-block\">Custom <b>Manufacturing<\/b><\/h2>\t\t\t\t<\/div>\n\t\t\t\t<div class=\"elementor-element elementor-element-f65c0a6 elementor-widget elementor-widget-text-editor\" data-id=\"f65c0a6\" data-element_type=\"widget\" data-widget_type=\"text-editor.default\">\n\t\t\t\t\t\t\t\t\t<p>Your company can explore new products with our delicious and convenient food solutions.<\/p>\t\t\t\t\t\t\t\t<\/div>\n\t\t\t\t<\/div>\n\t\t<div class=\"elementor-element elementor-element-46f0a53 container e-con-full e-flex e-con e-child\" data-id=\"46f0a53\" data-element_type=\"container\">\n\t\t\t\t<div class=\"elementor-element elementor-element-baaf026 elementor-widget elementor-widget-image\" data-id=\"baaf026\" data-element_type=\"widget\" data-widget_type=\"image.default\">\n\t\t\t\t\t\t\t\t\t\t\t\t\t\t\t<img loading=\"lazy\" decoding=\"async\" width=\"2560\" height=\"2560\" src=\"https:\/\/tropicoldsas.com\/wp-content\/uploads\/2025\/10\/services-fruits-scaled.jpg\" class=\"attachment-full size-full wp-image-964\" alt=\"\" srcset=\"https:\/\/tropicoldsas.com\/wp-content\/uploads\/2025\/10\/services-fruits-scaled.jpg 2560w, https:\/\/tropicoldsas.com\/wp-content\/uploads\/2025\/10\/services-fruits-300x300.jpg 300w, https:\/\/tropicoldsas.com\/wp-content\/uploads\/2025\/10\/services-fruits-1024x1024.jpg 1024w, https:\/\/tropicoldsas.com\/wp-content\/uploads\/2025\/10\/services-fruits-150x150.jpg 150w, https:\/\/tropicoldsas.com\/wp-content\/uploads\/2025\/10\/services-fruits-768x768.jpg 768w, https:\/\/tropicoldsas.com\/wp-content\/uploads\/2025\/10\/services-fruits-1536x1536.jpg 1536w, https:\/\/tropicoldsas.com\/wp-content\/uploads\/2025\/10\/services-fruits-2048x2048.jpg 2048w, https:\/\/tropicoldsas.com\/wp-content\/uploads\/2025\/10\/services-fruits-12x12.jpg 12w\" sizes=\"(max-width: 2560px) 100vw, 2560px\" \/>\t\t\t\t\t\t\t\t\t\t\t\t\t\t\t<\/div>\n\t\t\t\t<\/div>\n\t\t<div class=\"elementor-element elementor-element-71f355e e-con-full section-form e-flex e-con e-child\" data-id=\"71f355e\" data-element_type=\"container\">\n\t\t\t\t<div class=\"elementor-element elementor-element-5c2f90e elementor-widget elementor-widget-heading\" data-id=\"5c2f90e\" data-element_type=\"widget\" data-widget_type=\"heading.default\">\n\t\t\t\t\t<h2 class=\"elementor-heading-title elementor-size-default\">Get in Touch<\/h2>\t\t\t\t<\/div>\n\t\t<div class=\"elementor-element elementor-element-c1deffd e-con-full e-flex e-con e-child\" data-id=\"c1deffd\" data-element_type=\"container\">\n\t\t\t\t<div class=\"elementor-element elementor-element-193c850 elementor-widget elementor-widget-shortcode\" data-id=\"193c850\" data-element_type=\"widget\" data-widget_type=\"shortcode.default\">\n\t\t\t\t\t\t\t<div class=\"elementor-shortcode\"><div class=\"forminator-ui forminator-custom-form forminator-custom-form-639 forminator-design--default  forminator_ajax\" data-forminator-render=\"0\" data-form=\"forminator-module-639\" data-uid=\"69de51ced344b\"><br\/><\/div><form\n\t\t\t\tid=\"forminator-module-639\"\n\t\t\t\tclass=\"forminator-ui forminator-custom-form forminator-custom-form-639 forminator-design--default  forminator_ajax\"\n\t\t\t\tmethod=\"post\"\n\t\t\t\tdata-forminator-render=\"0\"\n\t\t\t\tdata-form-id=\"639\"\n\t\t\t\t data-color-option=\"theme\" data-design=\"default\" data-grid=\"open\" style=\"display: none;\"\n\t\t\t\tdata-uid=\"69de51ced344b\" action=\"\"\n\t\t\t><div role=\"alert\" aria-live=\"polite\" class=\"forminator-response-message forminator-error\" aria-hidden=\"true\"><\/div><div class=\"forminator-row\"><div id=\"name-1\" class=\"forminator-field-name forminator-col forminator-col-6\"><div class=\"forminator-field\"><label for=\"forminator-field-name-1_69de51ced344b\" id=\"forminator-field-name-1_69de51ced344b-label\" class=\"forminator-label\">Name <span class=\"forminator-required\">*<\/span><\/label><input type=\"text\" name=\"name-1\" value=\"\" placeholder=\"\" id=\"forminator-field-name-1_69de51ced344b\" class=\"forminator-input forminator-name--field\" aria-required=\"true\" autocomplete=\"name\" \/><\/div><\/div><div id=\"name-2\" class=\"forminator-field-name forminator-col forminator-col-6\"><div class=\"forminator-field\"><label for=\"forminator-field-name-2_69de51ced344b\" id=\"forminator-field-name-2_69de51ced344b-label\" class=\"forminator-label\">Surname <span class=\"forminator-required\">*<\/span><\/label><input type=\"text\" name=\"name-2\" value=\"\" placeholder=\"\" id=\"forminator-field-name-2_69de51ced344b\" class=\"forminator-input forminator-name--field\" aria-required=\"true\" autocomplete=\"name\" \/><\/div><\/div><\/div><div class=\"forminator-row\"><div id=\"email-1\" class=\"forminator-field-email forminator-col forminator-col-6\"><div class=\"forminator-field\"><label for=\"forminator-field-email-1_69de51ced344b\" id=\"forminator-field-email-1_69de51ced344b-label\" class=\"forminator-label\">Mail <span class=\"forminator-required\">*<\/span><\/label><input type=\"email\" name=\"email-1\" value=\"\" placeholder=\"\" id=\"forminator-field-email-1_69de51ced344b\" class=\"forminator-input forminator-email--field\" data-required=\"1\" aria-required=\"true\" autocomplete=\"email\" \/><\/div><\/div><div id=\"phone-1\" class=\"forminator-field-phone forminator-col forminator-col-6\"><div class=\"forminator-field\"><label for=\"forminator-field-phone-1_69de51ced344b\" id=\"forminator-field-phone-1_69de51ced344b-label\" class=\"forminator-label\">Phone <span class=\"forminator-required\">*<\/span><\/label><input type=\"text\" name=\"phone-1\" value=\"\" placeholder=\"\" id=\"forminator-field-phone-1_69de51ced344b\" class=\"forminator-input forminator-field--phone\" data-required=\"1\" aria-required=\"true\" autocomplete=\"off\" \/><\/div><\/div><\/div><div class=\"forminator-row\"><div id=\"textarea-1\" class=\"forminator-field-textarea forminator-col forminator-col-12\"><div class=\"forminator-field\"><textarea name=\"textarea-1\" placeholder=\"Write your message\" id=\"forminator-field-textarea-1_69de51ced344b\" class=\"forminator-textarea\" rows=\"6\" style=\"min-height:140px;\" ><\/textarea><\/div><\/div><\/div><input type=\"hidden\" name=\"referer_url\" value=\"\" \/><div class=\"forminator-row forminator-row-last\"><div class=\"forminator-col\"><div class=\"forminator-field\"><button class=\"forminator-button forminator-button-submit forminator-button-form\">Send<\/button><\/div><\/div><\/div><input type=\"hidden\" id=\"forminator_nonce\" name=\"forminator_nonce\" value=\"29cefc8e23\" \/><input type=\"hidden\" name=\"_wp_http_referer\" value=\"\/en\/wp-json\/wp\/v2\/pages\/187\" \/><input type=\"hidden\" name=\"form_id\" value=\"639\"><input type=\"hidden\" name=\"page_id\" value=\"187\"><input type=\"hidden\" name=\"form_type\" value=\"default\"><input type=\"hidden\" name=\"current_url\" value=\"https:\/\/tropicoldsas.com\/en\/servicios\/\"><input type=\"hidden\" name=\"render_id\" value=\"0\"><input type=\"hidden\" name=\"action\" value=\"forminator_submit_form_custom-forms\"><input type=\"hidden\" name=\"trp-form-language\" value=\"en\"\/><\/form><\/div>\n\t\t\t\t\t\t<\/div>\n\t\t\t\t<\/div>\n\t\t\t\t<\/div>\n\t\t\t\t\t<\/div>\n\t\t\t\t<\/div>\n\t\t\t\t<\/div>","protected":false},"excerpt":{"rendered":"<p>\u00bfQu\u00e9 hacemos? Soluciones modernas para la\u2028industria alimenticia Servicios Liofilizaci\u00f3n Esta tecnolog\u00eda vanguardista conserva el completo valor nutricional de las frutas y verduras de manera innovadora. Nuestra tecnolog\u00eda \u00bfC\u00f3mo funciona el proceso de liofilizaci\u00f3n? Las materias primas congeladas se colocan en un sistema de vac\u00edo refrigerado; sin descongelar, se deshidratan, y el hielo en el producto [&hellip;]<\/p>","protected":false},"author":1,"featured_media":0,"parent":0,"menu_order":0,"comment_status":"closed","ping_status":"closed","template":"","meta":{"footnotes":""},"class_list":["post-187","page","type-page","status-publish","hentry"],"_hostinger_reach_plugin_has_subscription_block":false,"_hostinger_reach_plugin_is_elementor":false,"_links":{"self":[{"href":"https:\/\/tropicoldsas.com\/en\/wp-json\/wp\/v2\/pages\/187","targetHints":{"allow":["GET"]}}],"collection":[{"href":"https:\/\/tropicoldsas.com\/en\/wp-json\/wp\/v2\/pages"}],"about":[{"href":"https:\/\/tropicoldsas.com\/en\/wp-json\/wp\/v2\/types\/page"}],"author":[{"embeddable":true,"href":"https:\/\/tropicoldsas.com\/en\/wp-json\/wp\/v2\/users\/1"}],"replies":[{"embeddable":true,"href":"https:\/\/tropicoldsas.com\/en\/wp-json\/wp\/v2\/comments?post=187"}],"version-history":[{"count":103,"href":"https:\/\/tropicoldsas.com\/en\/wp-json\/wp\/v2\/pages\/187\/revisions"}],"predecessor-version":[{"id":1185,"href":"https:\/\/tropicoldsas.com\/en\/wp-json\/wp\/v2\/pages\/187\/revisions\/1185"}],"wp:attachment":[{"href":"https:\/\/tropicoldsas.com\/en\/wp-json\/wp\/v2\/media?parent=187"}],"curies":[{"name":"wp","href":"https:\/\/api.w.org\/{rel}","templated":true}]}}