{"id":189,"date":"2025-10-17T21:23:10","date_gmt":"2025-10-17T21:23:10","guid":{"rendered":"https:\/\/tropicoldsas.com\/?page_id=189"},"modified":"2025-11-14T18:54:56","modified_gmt":"2025-11-14T18:54:56","slug":"nosotros","status":"publish","type":"page","link":"https:\/\/tropicoldsas.com\/en\/nosotros\/","title":{"rendered":"About Us"},"content":{"rendered":"<div data-elementor-type=\"wp-page\" data-elementor-id=\"189\" class=\"elementor elementor-189\">\n\t\t\t\t<div class=\"elementor-element elementor-element-5fe8d68 container e-flex e-con-boxed e-con e-parent\" data-id=\"5fe8d68\" data-element_type=\"container\">\n\t\t\t\t\t<div class=\"e-con-inner\">\n\t\t<div class=\"elementor-element elementor-element-f5f6b4b container e-con-full e-flex e-con e-child\" data-id=\"f5f6b4b\" data-element_type=\"container\" data-settings=\"{&quot;background_background&quot;:&quot;classic&quot;}\">\n\t\t<div class=\"elementor-element elementor-element-94f609d e-con-full e-flex e-con e-child\" data-id=\"94f609d\" data-element_type=\"container\" data-settings=\"{&quot;background_background&quot;:&quot;classic&quot;}\">\n\t\t\t\t<\/div>\n\t\t<div class=\"elementor-element elementor-element-6cc9a46 e-con-full banner-texts e-flex e-con e-child\" data-id=\"6cc9a46\" data-element_type=\"container\" data-settings=\"{&quot;position&quot;:&quot;absolute&quot;}\">\n\t\t\t\t<div class=\"elementor-element elementor-element-c0286c0 elementor-widget elementor-widget-text-editor\" data-id=\"c0286c0\" data-element_type=\"widget\" data-widget_type=\"text-editor.default\">\n\t\t\t\t\t\t\t\t\t<p>About Us<\/p>\t\t\t\t\t\t\t\t<\/div>\n\t\t\t\t<\/div>\n\t\t\t\t<\/div>\n\t\t<div class=\"elementor-element elementor-element-563816c container e-con-full e-flex e-con e-child\" data-id=\"563816c\" data-element_type=\"container\">\n\t\t\t\t<div class=\"elementor-element elementor-element-6d3d83d elementor-widget elementor-widget-text-editor\" data-id=\"6d3d83d\" data-element_type=\"widget\" data-widget_type=\"text-editor.default\">\n\t\t\t\t\t\t\t\t\t<p>Impulsados \u200b\u200bpor los m\u00e1s altos est\u00e1ndares de seguridad alimentaria y trazabilidad,\u00a0creamos productos liofilizados\u00a0hechos solo con frutas y verduras de la m\u00e1s alta calidad, principalmente en Colombia.<\/p>\t\t\t\t\t\t\t\t<\/div>\n\t\t\t\t<\/div>\n\t\t<div class=\"elementor-element elementor-element-39651d8 e-con-full e-flex e-con e-child\" data-id=\"39651d8\" data-element_type=\"container\">\n\t\t<div class=\"elementor-element elementor-element-f6d4bfe e-con-full e-flex e-con e-child\" data-id=\"f6d4bfe\" data-element_type=\"container\">\n\t\t<div class=\"elementor-element elementor-element-7a8acf6 e-con-full product-image e-flex e-con e-child\" data-id=\"7a8acf6\" data-element_type=\"container\">\n\t\t\t\t<div class=\"elementor-element elementor-element-db940ea elementor-widget elementor-widget-image\" data-id=\"db940ea\" data-element_type=\"widget\" data-widget_type=\"image.default\">\n\t\t\t\t\t\t\t\t\t\t\t\t\t\t\t<img fetchpriority=\"high\" decoding=\"async\" width=\"800\" height=\"800\" src=\"https:\/\/tropicoldsas.com\/wp-content\/uploads\/2025\/10\/Nosotros-mision-1024x1024.jpg\" class=\"attachment-large size-large wp-image-999\" alt=\"\" srcset=\"https:\/\/tropicoldsas.com\/wp-content\/uploads\/2025\/10\/Nosotros-mision-1024x1024.jpg 1024w, https:\/\/tropicoldsas.com\/wp-content\/uploads\/2025\/10\/Nosotros-mision-300x300.jpg 300w, https:\/\/tropicoldsas.com\/wp-content\/uploads\/2025\/10\/Nosotros-mision-150x150.jpg 150w, https:\/\/tropicoldsas.com\/wp-content\/uploads\/2025\/10\/Nosotros-mision-768x768.jpg 768w, https:\/\/tropicoldsas.com\/wp-content\/uploads\/2025\/10\/Nosotros-mision-1536x1536.jpg 1536w, https:\/\/tropicoldsas.com\/wp-content\/uploads\/2025\/10\/Nosotros-mision-2048x2048.jpg 2048w, https:\/\/tropicoldsas.com\/wp-content\/uploads\/2025\/10\/Nosotros-mision-12x12.jpg 12w\" sizes=\"(max-width: 800px) 100vw, 800px\" \/>\t\t\t\t\t\t\t\t\t\t\t\t\t\t\t<\/div>\n\t\t\t\t<\/div>\n\t\t<div class=\"elementor-element elementor-element-02c7bd4 e-con-full e-flex e-con e-child\" data-id=\"02c7bd4\" data-element_type=\"container\">\n\t\t\t\t<div class=\"elementor-element elementor-element-944a2c9 elementor-widget elementor-widget-heading\" data-id=\"944a2c9\" data-element_type=\"widget\" data-widget_type=\"heading.default\">\n\t\t\t\t\t<h2 class=\"elementor-heading-title elementor-size-default\">Our Mission<\/h2>\t\t\t\t<\/div>\n\t\t\t\t<div class=\"elementor-element elementor-element-3f87af5 elementor-widget elementor-widget-text-editor\" data-id=\"3f87af5\" data-element_type=\"widget\" data-widget_type=\"text-editor.default\">\n\t\t\t\t\t\t\t\t\t<p>Our mission is to deliver top-quality foods using advanced technology, transparent practices, and a strong sense of responsibility toward our global community.<\/p>\t\t\t\t\t\t\t\t<\/div>\n\t\t\t\t<\/div>\n\t\t\t\t<\/div>\n\t\t\t\t<\/div>\n\t\t<div class=\"elementor-element elementor-element-de9b641 e-con-full e-flex e-con e-child\" data-id=\"de9b641\" data-element_type=\"container\">\n\t\t<div class=\"elementor-element elementor-element-4b5b181 e-con-full e-flex e-con e-child\" data-id=\"4b5b181\" data-element_type=\"container\">\n\t\t<div class=\"elementor-element elementor-element-5bb8f79 e-con-full product-image e-flex e-con e-child\" data-id=\"5bb8f79\" data-element_type=\"container\">\n\t\t\t\t<div class=\"elementor-element elementor-element-286ccc7 elementor-widget elementor-widget-image\" data-id=\"286ccc7\" data-element_type=\"widget\" data-widget_type=\"image.default\">\n\t\t\t\t\t\t\t\t\t\t\t\t\t\t\t<img decoding=\"async\" width=\"800\" height=\"534\" src=\"https:\/\/tropicoldsas.com\/wp-content\/uploads\/2025\/10\/vision-1024x683.png\" class=\"attachment-large size-large wp-image-1003\" alt=\"\" srcset=\"https:\/\/tropicoldsas.com\/wp-content\/uploads\/2025\/10\/vision-1024x683.png 1024w, https:\/\/tropicoldsas.com\/wp-content\/uploads\/2025\/10\/vision-300x200.png 300w, https:\/\/tropicoldsas.com\/wp-content\/uploads\/2025\/10\/vision-768x512.png 768w, https:\/\/tropicoldsas.com\/wp-content\/uploads\/2025\/10\/vision-18x12.png 18w, https:\/\/tropicoldsas.com\/wp-content\/uploads\/2025\/10\/vision.png 1536w\" sizes=\"(max-width: 800px) 100vw, 800px\" \/>\t\t\t\t\t\t\t\t\t\t\t\t\t\t\t<\/div>\n\t\t\t\t<\/div>\n\t\t<div class=\"elementor-element elementor-element-73c9320 e-con-full e-flex e-con e-child\" data-id=\"73c9320\" data-element_type=\"container\">\n\t\t\t\t<div class=\"elementor-element elementor-element-8bc381a elementor-widget elementor-widget-heading\" data-id=\"8bc381a\" data-element_type=\"widget\" data-widget_type=\"heading.default\">\n\t\t\t\t\t<h2 class=\"elementor-heading-title elementor-size-default\">Our Vision<\/h2>\t\t\t\t<\/div>\n\t\t<div class=\"elementor-element elementor-element-3c53efb e-con-full e-grid e-con e-child\" data-id=\"3c53efb\" data-element_type=\"container\">\n\t\t\t\t<div class=\"elementor-element elementor-element-c4947c7 elementor-widget elementor-widget-text-editor\" data-id=\"c4947c7\" data-element_type=\"widget\" data-widget_type=\"text-editor.default\">\n\t\t\t\t\t\t\t\t\t<ul><li>We believe in quality \u2014 in our food, our production, our relationships, and our services.<\/li><\/ul><p>\u00a0<\/p><ul><li>We use creativity and technology to make a positive impact on our community.<\/li><\/ul><p>\u00a0<\/p><ul><li>Through lasting and meaningful collaboration, we help your business succeed.<\/li><\/ul>\t\t\t\t\t\t\t\t<\/div>\n\t\t\t\t<div class=\"elementor-element elementor-element-f36ba0c elementor-widget elementor-widget-text-editor\" data-id=\"f36ba0c\" data-element_type=\"widget\" data-widget_type=\"text-editor.default\">\n\t\t\t\t\t\t\t\t\t<ul><li>We take responsibility for our actions and make decisions with our community in mind.<\/li><\/ul><p>\u00a0<\/p><ul><li>We adhere to incredibly high standards.<\/li><\/ul><p>\u00a0<\/p><ul><li>We are committed to remaining ethical, honest, and transparent with everyone we work with and serve.<\/li><\/ul>\t\t\t\t\t\t\t\t<\/div>\n\t\t\t\t<\/div>\n\t\t\t\t<\/div>\n\t\t\t\t<\/div>\n\t\t\t\t<\/div>\n\t\t<div class=\"elementor-element elementor-element-89ae1de e-con-full section-form e-flex e-con e-child\" data-id=\"89ae1de\" data-element_type=\"container\">\n\t\t\t\t<div class=\"elementor-element elementor-element-cb254eb elementor-widget elementor-widget-heading\" data-id=\"cb254eb\" data-element_type=\"widget\" data-widget_type=\"heading.default\">\n\t\t\t\t\t<h2 class=\"elementor-heading-title elementor-size-default\">Get in Touch<\/h2>\t\t\t\t<\/div>\n\t\t<div class=\"elementor-element elementor-element-8831319 e-con-full e-flex e-con e-child\" data-id=\"8831319\" data-element_type=\"container\">\n\t\t\t\t<div class=\"elementor-element elementor-element-50e2042 elementor-widget elementor-widget-shortcode\" data-id=\"50e2042\" data-element_type=\"widget\" data-widget_type=\"shortcode.default\">\n\t\t\t\t\t\t\t<div class=\"elementor-shortcode\"><div class=\"forminator-ui forminator-custom-form forminator-custom-form-639 forminator-design--default  forminator_ajax\" data-forminator-render=\"0\" data-form=\"forminator-module-639\" data-uid=\"69de49d5cf1a1\"><br\/><\/div><form\n\t\t\t\tid=\"forminator-module-639\"\n\t\t\t\tclass=\"forminator-ui forminator-custom-form forminator-custom-form-639 forminator-design--default  forminator_ajax\"\n\t\t\t\tmethod=\"post\"\n\t\t\t\tdata-forminator-render=\"0\"\n\t\t\t\tdata-form-id=\"639\"\n\t\t\t\t data-color-option=\"theme\" data-design=\"default\" data-grid=\"open\" style=\"display: none;\"\n\t\t\t\tdata-uid=\"69de49d5cf1a1\" action=\"\"\n\t\t\t><div role=\"alert\" aria-live=\"polite\" class=\"forminator-response-message forminator-error\" aria-hidden=\"true\"><\/div><div class=\"forminator-row\"><div id=\"name-1\" class=\"forminator-field-name forminator-col forminator-col-6\"><div class=\"forminator-field\"><label for=\"forminator-field-name-1_69de49d5cf1a1\" id=\"forminator-field-name-1_69de49d5cf1a1-label\" class=\"forminator-label\">Name <span class=\"forminator-required\">*<\/span><\/label><input type=\"text\" name=\"name-1\" value=\"\" placeholder=\"\" id=\"forminator-field-name-1_69de49d5cf1a1\" class=\"forminator-input forminator-name--field\" aria-required=\"true\" autocomplete=\"name\" \/><\/div><\/div><div id=\"name-2\" class=\"forminator-field-name forminator-col forminator-col-6\"><div class=\"forminator-field\"><label for=\"forminator-field-name-2_69de49d5cf1a1\" id=\"forminator-field-name-2_69de49d5cf1a1-label\" class=\"forminator-label\">Surname <span class=\"forminator-required\">*<\/span><\/label><input type=\"text\" name=\"name-2\" value=\"\" placeholder=\"\" id=\"forminator-field-name-2_69de49d5cf1a1\" class=\"forminator-input forminator-name--field\" aria-required=\"true\" autocomplete=\"name\" \/><\/div><\/div><\/div><div class=\"forminator-row\"><div id=\"email-1\" class=\"forminator-field-email forminator-col forminator-col-6\"><div class=\"forminator-field\"><label for=\"forminator-field-email-1_69de49d5cf1a1\" id=\"forminator-field-email-1_69de49d5cf1a1-label\" class=\"forminator-label\">Mail <span class=\"forminator-required\">*<\/span><\/label><input type=\"email\" name=\"email-1\" value=\"\" placeholder=\"\" id=\"forminator-field-email-1_69de49d5cf1a1\" class=\"forminator-input forminator-email--field\" data-required=\"1\" aria-required=\"true\" autocomplete=\"email\" \/><\/div><\/div><div id=\"phone-1\" class=\"forminator-field-phone forminator-col forminator-col-6\"><div class=\"forminator-field\"><label for=\"forminator-field-phone-1_69de49d5cf1a1\" id=\"forminator-field-phone-1_69de49d5cf1a1-label\" class=\"forminator-label\">Phone <span class=\"forminator-required\">*<\/span><\/label><input type=\"text\" name=\"phone-1\" value=\"\" placeholder=\"\" id=\"forminator-field-phone-1_69de49d5cf1a1\" class=\"forminator-input forminator-field--phone\" data-required=\"1\" aria-required=\"true\" autocomplete=\"off\" \/><\/div><\/div><\/div><div class=\"forminator-row\"><div id=\"textarea-1\" class=\"forminator-field-textarea forminator-col forminator-col-12\"><div class=\"forminator-field\"><textarea name=\"textarea-1\" placeholder=\"Write your message\" id=\"forminator-field-textarea-1_69de49d5cf1a1\" class=\"forminator-textarea\" rows=\"6\" style=\"min-height:140px;\" ><\/textarea><\/div><\/div><\/div><input type=\"hidden\" name=\"referer_url\" value=\"\" \/><div class=\"forminator-row forminator-row-last\"><div class=\"forminator-col\"><div class=\"forminator-field\"><button class=\"forminator-button forminator-button-submit forminator-button-form\">Send<\/button><\/div><\/div><\/div><input type=\"hidden\" id=\"forminator_nonce\" name=\"forminator_nonce\" value=\"29cefc8e23\" \/><input type=\"hidden\" name=\"_wp_http_referer\" value=\"\/en\/wp-json\/wp\/v2\/pages\/189\" \/><input type=\"hidden\" name=\"form_id\" value=\"639\"><input type=\"hidden\" name=\"page_id\" value=\"189\"><input type=\"hidden\" name=\"form_type\" value=\"default\"><input type=\"hidden\" name=\"current_url\" value=\"https:\/\/tropicoldsas.com\/en\/nosotros\/\"><input type=\"hidden\" name=\"render_id\" value=\"0\"><input type=\"hidden\" name=\"action\" value=\"forminator_submit_form_custom-forms\"><input type=\"hidden\" name=\"trp-form-language\" value=\"en\"\/><\/form><\/div>\n\t\t\t\t\t\t<\/div>\n\t\t\t\t<\/div>\n\t\t\t\t<\/div>\n\t\t\t\t\t<\/div>\n\t\t\t\t<\/div>\n\t\t\t\t<\/div>","protected":false},"excerpt":{"rendered":"<p>\u00bfQui\u00e9nes somos? Impulsados \u200b\u200bpor los m\u00e1s altos est\u00e1ndares de seguridad alimentaria y trazabilidad,\u00a0creamos productos liofilizados\u00a0hechos solo con frutas y verduras de la m\u00e1s alta calidad, principalmente en Colombia. Misi\u00f3n Nuestra misi\u00f3n es proporcionar alimentos de la m\u00e1s alta calidad con tecnolog\u00eda, pr\u00e1cticas honestas y responsabilidad a nuestra comunidad global. Visi\u00f3n Creemos en la calidad; alimentos [&hellip;]<\/p>","protected":false},"author":1,"featured_media":0,"parent":0,"menu_order":0,"comment_status":"closed","ping_status":"closed","template":"","meta":{"footnotes":""},"class_list":["post-189","page","type-page","status-publish","hentry"],"_hostinger_reach_plugin_has_subscription_block":false,"_hostinger_reach_plugin_is_elementor":false,"_links":{"self":[{"href":"https:\/\/tropicoldsas.com\/en\/wp-json\/wp\/v2\/pages\/189","targetHints":{"allow":["GET"]}}],"collection":[{"href":"https:\/\/tropicoldsas.com\/en\/wp-json\/wp\/v2\/pages"}],"about":[{"href":"https:\/\/tropicoldsas.com\/en\/wp-json\/wp\/v2\/types\/page"}],"author":[{"embeddable":true,"href":"https:\/\/tropicoldsas.com\/en\/wp-json\/wp\/v2\/users\/1"}],"replies":[{"embeddable":true,"href":"https:\/\/tropicoldsas.com\/en\/wp-json\/wp\/v2\/comments?post=189"}],"version-history":[{"count":82,"href":"https:\/\/tropicoldsas.com\/en\/wp-json\/wp\/v2\/pages\/189\/revisions"}],"predecessor-version":[{"id":1215,"href":"https:\/\/tropicoldsas.com\/en\/wp-json\/wp\/v2\/pages\/189\/revisions\/1215"}],"wp:attachment":[{"href":"https:\/\/tropicoldsas.com\/en\/wp-json\/wp\/v2\/media?parent=189"}],"curies":[{"name":"wp","href":"https:\/\/api.w.org\/{rel}","templated":true}]}}